{"id":1685,"date":"2021-12-18T21:46:37","date_gmt":"2021-12-18T20:46:37","guid":{"rendered":"https:\/\/pagesperso.litislab.fr\/cpetitjean\/?page_id=1685"},"modified":"2023-02-09T15:29:53","modified_gmt":"2023-02-09T14:29:53","slug":"education","status":"publish","type":"page","link":"https:\/\/pagesperso.litislab.fr\/cpetitjean\/education\/","title":{"rendered":"Education"},"content":{"rendered":"\n<p><strong>Education <\/strong>(Specialty, University, Year)<\/p>\n<ul>\n<li>HDR degree (accreditation to supervise research) in Computer Science , University of Rouen Normandy, France, 2016<\/li>\n<li>Ph.D. degree (Doctorat) in Mathematics &amp; Computer Science, University of Paris V, France, 2003<\/li>\n<li>M.Sc. degree (DEA) in Signal, Image and Speech Processing, ENSERG, Institut National Polytechnique de Grenoble, 2000<\/li>\n<li>Engineering degree in Electronics and Signal Processing, ESME Sudria, Paris, France, 1999<\/li>\n<\/ul>\n<p><strong>Employment history<\/strong><\/p>\n<ul>\n<li>Since 2005: Universit\u00e9 de Rouen Normandie<\/li>\n<li>2003-05: R&amp;D engineer and project manager in a CRO (IoDP Medical Imaging in S\u00e8vres, later acquired by Synarc)<\/li>\n<li>2000-2003: Institut National des t\u00e9l\u00e9communications, Evry (became T\u00e9l\u00e9com SudParis) I was doing my PhD at that time.<\/li>\n<\/ul>\n<p>Before that, I did several internships, some of them abroad:<\/p>\n<ul>\n<li>summer of 2000: GIPSA Lab, Grenoble, for my DEA degree (at that time it was the LIS, Laboratoire des images et des signaux)<\/li>\n<li>summer of 1999: AXON, Udenhout, the Netherlands, for my engineering degree<\/li>\n<li>summer of 1998: Thomcast, Conflans Sainte Honorine<\/li>\n<li>summer of 1997: Welcom Software Technology, Houston TX<\/li>\n<li>summer of 1995: Software Publishers Association, Washington DC (first steps on the www :))<\/li>\n<\/ul>\n","protected":false},"excerpt":{"rendered":"<p>Education (Specialty, University, Year) HDR degree (accreditation to supervise research) in Computer Science , University of Rouen Normandy, France, 2016 Ph.D. degree (Doctorat) in Mathematics &amp; Computer Science, University of Paris V, France, 2003 M.Sc. degree (DEA) in Signal, Image and Speech Processing, ENSERG, Institut National Polytechnique de Grenoble, 2000 Engineering degree in Electronics and &hellip; <a href=\"https:\/\/pagesperso.litislab.fr\/cpetitjean\/education\/\" class=\"more-link\">Continuer la lecture de <span class=\"screen-reader-text\">Education<\/span> <span class=\"meta-nav\">&rarr;<\/span><\/a><\/p>\n","protected":false},"author":26,"featured_media":0,"parent":0,"menu_order":0,"comment_status":"closed","ping_status":"closed","template":"","meta":{"_acf_changed":false,"_exactmetrics_skip_tracking":false,"_exactmetrics_sitenote_active":false,"_exactmetrics_sitenote_note":"","_exactmetrics_sitenote_category":0,"footnotes":""},"class_list":["post-1685","page","type-page","status-publish","hentry"],"acf":[],"_links":{"self":[{"href":"https:\/\/pagesperso.litislab.fr\/cpetitjean\/wp-json\/wp\/v2\/pages\/1685","targetHints":{"allow":["GET"]}}],"collection":[{"href":"https:\/\/pagesperso.litislab.fr\/cpetitjean\/wp-json\/wp\/v2\/pages"}],"about":[{"href":"https:\/\/pagesperso.litislab.fr\/cpetitjean\/wp-json\/wp\/v2\/types\/page"}],"author":[{"embeddable":true,"href":"https:\/\/pagesperso.litislab.fr\/cpetitjean\/wp-json\/wp\/v2\/users\/26"}],"replies":[{"embeddable":true,"href":"https:\/\/pagesperso.litislab.fr\/cpetitjean\/wp-json\/wp\/v2\/comments?post=1685"}],"version-history":[{"count":5,"href":"https:\/\/pagesperso.litislab.fr\/cpetitjean\/wp-json\/wp\/v2\/pages\/1685\/revisions"}],"predecessor-version":[{"id":1748,"href":"https:\/\/pagesperso.litislab.fr\/cpetitjean\/wp-json\/wp\/v2\/pages\/1685\/revisions\/1748"}],"wp:attachment":[{"href":"https:\/\/pagesperso.litislab.fr\/cpetitjean\/wp-json\/wp\/v2\/media?parent=1685"}],"curies":[{"name":"wp","href":"https:\/\/api.w.org\/{rel}","templated":true}]}}