{"id":1925,"date":"2023-02-09T14:56:37","date_gmt":"2023-02-09T13:56:37","guid":{"rendered":"https:\/\/pagesperso.litislab.fr\/cpetitjean\/?page_id=1925"},"modified":"2025-11-07T20:37:39","modified_gmt":"2025-11-07T19:37:39","slug":"expertise","status":"publish","type":"page","link":"https:\/\/pagesperso.litislab.fr\/cpetitjean\/expertise\/","title":{"rendered":"Expertise"},"content":{"rendered":"<h2>Editorial activities<\/h2>\n<p>I am associate editor of the journals IEEE Transactions on Medical Imaging since 2023, Computer Vision and Image Understanding and Neurocomputing, since 2020.<\/p>\n<p>I am Area Chair every year for MICCAI since 2021, MIDL since 2020 (Medical Imaging with Deep Learning). I was also Area chair for the ICPR&rsquo;22 conference (Track \u00ab\u00a0Biomedical Image Analysis and Informatics\u00a0\u00bb).<\/p>\n<h2>Organization<\/h2>\n<ul>\n<li>Organization of a special session at XAI 2025 conference on Actionable AI<\/li>\n<li>Membre du MICCAI 2022 Young Scientist Award Committee.<\/li>\n<li>Co-organisatrice du workshop MICCAI on Resource-Efficient Medical Image Analysis (REMIA), Singapour, 2022<\/li>\n<li>Challenge chair de la conf\u00e9rence IEEE ISBI 2021<\/li>\n<li>Pr\u00e9sidente de sessions dans les conf\u00e9rences internationales MICCAI 2021, IEEE ISBI&rsquo;21, IEEE IPTA\u201920<\/li>\n<li>Membre du comit\u00e9 d&rsquo;organisation du Prix de Th\u00e8se du Club EEA-GdR ISIS-GRETSI, 2021-22<\/li>\n<li>Organisation de 3 journ\u00e9es GdR ISIS dans le cadre du nouveau GT COVID19, depuis avril 2020 (avec C. Lartizien et N. Thome) : avril, mai 2020 et janvier 2021<\/li>\n<li>Organisation de 3 journ\u00e9es GdR ISIS dans le cadre d&rsquo;une action du Th\u00e8me B (Image et Vision) du GdR ISIS, sur l&rsquo;Analyse, traitement et d\u00e9cision pour les donn\u00e9es massives et multimodales en sciences du vivant, 2018-2020<\/li>\n<li>Membre du comit\u00e9 d\u2019organisation de la conf\u00e9rence CAP (Conf\u00e9rence sur l\u2019APprentissage automatique) \u00e0 l&rsquo;INSA de Rouen, juin 2018<\/li>\n<\/ul>\n<h2>Selection committee<\/h2>\n<h6>\u201ccomit\u00e9 de s\u00e9lection\u201d for MCF\/PR position (tenure-track assistant or full professor)<\/h6>\n<p>avant 2016 : 61 IUT Elbeuf 2014, 2011 26 INSA Rouen, 2008 61 INSA Rouen<br \/>\n2016 : 61 Polytech Lyon 1 27 Univ. de Bourgogne 61\/63 IUT Cergy-Pontoise<br \/>\n2017 : 61 ENSEA Cergy<br \/>\n2018 : 61 Ecole Centrale Marseille , 61 INP bordeaux 61 INSA Rouen<br \/>\n2019 : 61 Universit\u00e9 de Lorraine, 61 Univ Claude Bernard Lyon 1, 27 ENSIMAG<br \/>\n2020 : 61 Dijon, 61 Lille, 61 Toulouse, 61 Cergy<br \/>\n2021 : INSA Rouen 61<br \/>\n2022 : PR Sorbonne Universit\u00e9<br \/>\n2023 : PR Caen<br \/>\n2024 : I was organizing MIDL, so I said \u00ab\u00a0no\u00a0\u00bb to all invitations this year \ud83d\ude42<br \/>\n2025 : PR 27 Tours, MCF 26 INSA Rouen, MCF 27 Bordeaux (pr\u00e9sidente), MCF 27 Marseille, PR 26-61 Rouen<br \/>\n2025 : PR 61 Lyon (pr\u00e9sidente)<\/p>\n<h6><span style=\"font-family: Bitter, Georgia, serif\">\u201ccomit\u00e9 de s\u00e9lection\u201d for PRAG\/ESAS at URN<\/span><\/h6>\n<p>2018 : membre<br \/>\n2025 : pr\u00e9sidente<\/p>\n<h2>Reviewing of individual applications<\/h2>\n<h4>(for researcher position or promotion or habilitation diploma)<\/h4>\n<ul>\n<li class=\"p1\">2022 UNIVERSITE DE Bourgogne<\/li>\n<li class=\"p1\">2022 Universit\u00e9 de Bourgogne (HDR)<\/li>\n<li class=\"p1\">2024 University of Southern Denmark (promotion)<\/li>\n<li class=\"p1\">2024 Universit\u00e9 Paris Cit\u00e9 (HDR)<\/li>\n<li>2024 T\u00e9l\u00e9com Paris (promotion interne)<\/li>\n<li>2025 RIPEC (Universit\u00e9 d&rsquo;Amiens, Universit\u00e9 de Poitiers)<\/li>\n<\/ul>\n","protected":false},"excerpt":{"rendered":"<p>Editorial activities I am associate editor of the journals IEEE Transactions on Medical Imaging since 2023, Computer Vision and Image Understanding and Neurocomputing, since 2020. I am Area Chair every year for MICCAI since 2021, MIDL since 2020 (Medical Imaging with Deep Learning). I was also Area chair for the ICPR&rsquo;22 conference (Track \u00ab\u00a0Biomedical Image &hellip; <a href=\"https:\/\/pagesperso.litislab.fr\/cpetitjean\/expertise\/\" class=\"more-link\">Continuer la lecture de <span class=\"screen-reader-text\">Expertise<\/span> <span class=\"meta-nav\">&rarr;<\/span><\/a><\/p>\n","protected":false},"author":26,"featured_media":0,"parent":0,"menu_order":0,"comment_status":"closed","ping_status":"closed","template":"","meta":{"_acf_changed":false,"_exactmetrics_skip_tracking":false,"_exactmetrics_sitenote_active":false,"_exactmetrics_sitenote_note":"","_exactmetrics_sitenote_category":0,"footnotes":""},"class_list":["post-1925","page","type-page","status-publish","hentry"],"acf":[],"_links":{"self":[{"href":"https:\/\/pagesperso.litislab.fr\/cpetitjean\/wp-json\/wp\/v2\/pages\/1925","targetHints":{"allow":["GET"]}}],"collection":[{"href":"https:\/\/pagesperso.litislab.fr\/cpetitjean\/wp-json\/wp\/v2\/pages"}],"about":[{"href":"https:\/\/pagesperso.litislab.fr\/cpetitjean\/wp-json\/wp\/v2\/types\/page"}],"author":[{"embeddable":true,"href":"https:\/\/pagesperso.litislab.fr\/cpetitjean\/wp-json\/wp\/v2\/users\/26"}],"replies":[{"embeddable":true,"href":"https:\/\/pagesperso.litislab.fr\/cpetitjean\/wp-json\/wp\/v2\/comments?post=1925"}],"version-history":[{"count":12,"href":"https:\/\/pagesperso.litislab.fr\/cpetitjean\/wp-json\/wp\/v2\/pages\/1925\/revisions"}],"predecessor-version":[{"id":2225,"href":"https:\/\/pagesperso.litislab.fr\/cpetitjean\/wp-json\/wp\/v2\/pages\/1925\/revisions\/2225"}],"wp:attachment":[{"href":"https:\/\/pagesperso.litislab.fr\/cpetitjean\/wp-json\/wp\/v2\/media?parent=1925"}],"curies":[{"name":"wp","href":"https:\/\/api.w.org\/{rel}","templated":true}]}}