{"id":2,"date":"2019-05-16T13:37:53","date_gmt":"2019-05-16T11:37:53","guid":{"rendered":"http:\/\/pagesperso.litislab.fr\/gdelmondo\/?page_id=2"},"modified":"2020-04-08T08:32:21","modified_gmt":"2020-04-08T06:32:21","slug":"page-d-exemple","status":"publish","type":"page","link":"https:\/\/pagesperso.litislab.fr\/gdelmondo\/","title":{"rendered":"Welcome !"},"content":{"rendered":"<blockquote>\n<div style=\"text-align: right\"><span style=\"color: #0000ff;font-size: 14pt\">Mod\u00e9lisation de l\u2019information spatiale et temporelle &#8211; Th\u00e9orie des graphes &#8211; Raisonnement qualitatif &#8211; Repr\u00e9sentations multi-\u00e9chelles<\/span><\/div>\n<div><\/div>\n<div>\n<hr \/>\n<\/div>\n<\/blockquote>\n<div><\/div>\n<div><img loading=\"lazy\" decoding=\"async\" class=\"wp-image-63 alignnone aligncenter\" src=\"http:\/\/pagesperso.litislab.fr\/gdelmondo\/wp-content\/uploads\/sites\/30\/2019\/07\/FigureSyntheseRechercheGDM.png\" alt=\"\" width=\"535\" height=\"315\" srcset=\"https:\/\/pagesperso.litislab.fr\/gdelmondo\/wp-content\/uploads\/sites\/30\/2019\/07\/FigureSyntheseRechercheGDM.png 1503w, https:\/\/pagesperso.litislab.fr\/gdelmondo\/wp-content\/uploads\/sites\/30\/2019\/07\/FigureSyntheseRechercheGDM-300x177.png 300w, https:\/\/pagesperso.litislab.fr\/gdelmondo\/wp-content\/uploads\/sites\/30\/2019\/07\/FigureSyntheseRechercheGDM-768x452.png 768w, https:\/\/pagesperso.litislab.fr\/gdelmondo\/wp-content\/uploads\/sites\/30\/2019\/07\/FigureSyntheseRechercheGDM-1024x603.png 1024w\" sizes=\"auto, (max-width: 535px) 100vw, 535px\" \/><\/div>\n<div style=\"text-align: right\">\n<blockquote>\n<div>\n<hr \/>\n<\/div>\n<div><\/div>\n<div><span style=\"color: #0000ff;font-size: 14pt\">Gestion des risques &#8211; Dynamiques spatiales historiques &#8211; Analyse du trafic routier, mobilit\u00e9 &#8211; Logistique portuaire<\/span><\/div>\n<\/blockquote>\n<\/div>\n","protected":false},"excerpt":{"rendered":"<p>Mod\u00e9lisation de l\u2019information spatiale et temporelle &#8211; Th\u00e9orie des graphes &#8211; Raisonnement qualitatif &#8211; Repr\u00e9sentations multi-\u00e9chelles Gestion des risques &#8211; Dynamiques spatiales historiques &#8211; Analyse du trafic routier, mobilit\u00e9 &#8211; Logistique portuaire<\/p>\n","protected":false},"author":40,"featured_media":0,"parent":0,"menu_order":0,"comment_status":"closed","ping_status":"open","template":"","meta":{"_acf_changed":false,"_exactmetrics_skip_tracking":false,"_exactmetrics_sitenote_active":false,"_exactmetrics_sitenote_note":"","_exactmetrics_sitenote_category":0,"footnotes":""},"class_list":["post-2","page","type-page","status-publish","hentry"],"acf":[],"_links":{"self":[{"href":"https:\/\/pagesperso.litislab.fr\/gdelmondo\/wp-json\/wp\/v2\/pages\/2","targetHints":{"allow":["GET"]}}],"collection":[{"href":"https:\/\/pagesperso.litislab.fr\/gdelmondo\/wp-json\/wp\/v2\/pages"}],"about":[{"href":"https:\/\/pagesperso.litislab.fr\/gdelmondo\/wp-json\/wp\/v2\/types\/page"}],"author":[{"embeddable":true,"href":"https:\/\/pagesperso.litislab.fr\/gdelmondo\/wp-json\/wp\/v2\/users\/40"}],"replies":[{"embeddable":true,"href":"https:\/\/pagesperso.litislab.fr\/gdelmondo\/wp-json\/wp\/v2\/comments?post=2"}],"version-history":[{"count":26,"href":"https:\/\/pagesperso.litislab.fr\/gdelmondo\/wp-json\/wp\/v2\/pages\/2\/revisions"}],"predecessor-version":[{"id":440,"href":"https:\/\/pagesperso.litislab.fr\/gdelmondo\/wp-json\/wp\/v2\/pages\/2\/revisions\/440"}],"wp:attachment":[{"href":"https:\/\/pagesperso.litislab.fr\/gdelmondo\/wp-json\/wp\/v2\/media?parent=2"}],"curies":[{"name":"wp","href":"https:\/\/api.w.org\/{rel}","templated":true}]}}