{"id":26,"date":"2019-05-20T18:02:14","date_gmt":"2019-05-20T16:02:14","guid":{"rendered":"http:\/\/pagesperso.litislab.fr\/gdelmondo\/?page_id=26"},"modified":"2024-06-12T16:25:13","modified_gmt":"2024-06-12T14:25:13","slug":"escape","status":"publish","type":"page","link":"https:\/\/pagesperso.litislab.fr\/gdelmondo\/projets\/escape\/","title":{"rendered":"2016-202? ESCAPE"},"content":{"rendered":"<table style=\"height: 98px;width: 726px\">\n<tbody>\n<tr style=\"height: 24px\">\n<td style=\"height: 24px;width: 211.15px\">Nom du projet<\/td>\n<td style=\"height: 24px;width: 416.85px\"><span style=\"color: #0000ff\"><strong>Exploring by Simulation Cities Awareness on Population Evacuation \u2013 ESCAPE<\/strong><\/span><\/td>\n<\/tr>\n<tr>\n<td style=\"width: 211.15px\">P\u00e9riode<\/td>\n<td style=\"width: 416.85px\">2016 &#8211; 2020 \/ 2019 &#8211; 202?<\/td>\n<\/tr>\n<tr style=\"height: 24px\">\n<td style=\"height: 24px;width: 211.15px\">Financement<\/td>\n<td style=\"height: 24px;width: 416.85px\">ANR \/ RIN<\/td>\n<\/tr>\n<tr style=\"height: 26px\">\n<td style=\"height: 26px;width: 211.15px\">R\u00f4le<\/td>\n<td style=\"height: 26px;width: 416.85px\">Membre des actions 3 (mod\u00e9lisation des individus) et 4 (mod\u00e9lisation des groupes)<\/p>\n<p>Encadrement de stagiaire M2 : St\u00e9phane Kastenbaum &amp; Valentin Fouillard<\/p>\n<p>Encadrement de stagiaire de M1 : Antoine De Barros, Nathan Astegiano, Solene Perret, Raphael Largeau, Pierre-Marie Stevenin<\/td>\n<\/tr>\n<tr style=\"height: 24px\">\n<td style=\"width: 211.15px;height: 24px\">Mots-cl\u00e9s<\/td>\n<td style=\"width: 416.85px;height: 24px\">Mod\u00e9lisation de l&rsquo;information spatiale et temporelle, multi-\u00e9chelles, th\u00e9orie des graphes, gestion des risques<\/td>\n<\/tr>\n<tr>\n<td style=\"width: 211.15px\">Site(s) web(s)<\/td>\n<td style=\"width: 416.85px\"><a href=\"https:\/\/anr.fr\/Projet-ANR-16-CE39-0011\">https:\/\/anr.fr\/Projet-ANR-16-CE39-0011<\/a><\/p>\n<p><a href=\"https:\/\/mag.hypotheses.org\/escape\">https:\/\/mag.hypotheses.org\/escape<\/a><\/td>\n<\/tr>\n<tr>\n<td colspan=\"2\"><img loading=\"lazy\" decoding=\"async\" class=\" wp-image-231 aligncenter\" src=\"http:\/\/pagesperso.litislab.fr\/gdelmondo\/wp-content\/uploads\/sites\/30\/2020\/04\/Capture-d\u2019\u00e9cran-de-2020-04-08-17-23-42-300x273.png\" alt=\"\" width=\"410\" height=\"373\" srcset=\"https:\/\/pagesperso.litislab.fr\/gdelmondo\/wp-content\/uploads\/sites\/30\/2020\/04\/Capture-d\u2019\u00e9cran-de-2020-04-08-17-23-42-300x273.png 300w, https:\/\/pagesperso.litislab.fr\/gdelmondo\/wp-content\/uploads\/sites\/30\/2020\/04\/Capture-d\u2019\u00e9cran-de-2020-04-08-17-23-42-768x700.png 768w, https:\/\/pagesperso.litislab.fr\/gdelmondo\/wp-content\/uploads\/sites\/30\/2020\/04\/Capture-d\u2019\u00e9cran-de-2020-04-08-17-23-42.png 945w\" sizes=\"auto, (max-width: 410px) 100vw, 410px\" \/><\/td>\n<\/tr>\n<tr>\n<td style=\"width: 211.15px\" colspan=\"2\">Principales interactions : <a href=\"https:\/\/scholar.google.fr\/citations?user=EvFno8wAAAAJ&amp;hl=fr\">Eric Daud\u00e9<\/a>, <a href=\"http:\/\/pagesperso.litislab.fr\/ptranouez\/about\/\">Pierrick Tranouez<\/a>, Arnaud Saval<\/td>\n<\/tr>\n<\/tbody>\n<\/table>\n<h2><strong><span style=\"font-size: 12pt\">Contexte du projet<\/span><\/strong><\/h2>\n<p style=\"text-align: justify\">Les risques naturels et technologiques en zone urbaine sont des d\u00e9fis majeurs \u00e0 la s\u00e9curit\u00e9 des citoyens. L\u2019aide \u00e0 la planification de l\u2019\u00e9vacuation massive des populations est \u00e0 ce titre un enjeu essentiel. Ce projet a pour objectif de produire des outils de mod\u00e9lisation et de simulation informatique permettant de repr\u00e9senter et d\u2019explorer diff\u00e9rents sc\u00e9narios d\u2019\u00e9vacuation pour concevoir les plans les plus appropri\u00e9s. Concr\u00e8tement l\u2019id\u00e9e est d\u2019avoir \u00e0 sa disposition un outil pour simuler une catastrophe (e.g. tsunami, explosion d\u2019une usine chimique) et \u00e9tudier ses cons\u00e9quences sur l\u2019environnement urbain. L\u2019analyse de ces cons\u00e9quences permet d\u2019adapter les infrastructures et les plans d\u2019\u00e9vacuation pr\u00e9vus dans le cadre de la gestion des risques pour les villes concern\u00e9es. Le projet utilise la plateforme de d\u00e9veloppement GAMA pour g\u00e9rer la simulation multi- agent et pr\u00e9voit de d\u00e9velopper des librairies \u00e0 destination des catastrophes de types tsunami, rupture de digue et accident industriel avec entre autre des donn\u00e9es issues des villes de Rouen et d\u2019Hano\u00ef au Vietnam.<\/p>\n<p><strong>Contribution au projet<\/strong><\/p>\n<p style=\"text-align: justify\">Dans ce contexte, un des objectifs est d\u2019explorer la mani\u00e8re de mod\u00e9liser efficacement la perception de l\u2019espace par les agents de la simulation. En effet, chaque agent poss\u00e8de sa propre connaissance de l\u2019environnement qui d\u00e9pend de lui (conna\u00eet-il bien la ville ?) mais aussi des moyens de communication qu\u2019il aura consult\u00e9 (e.g. Google Maps, r\u00e9seaux sociaux), voire des personnes qu\u2019il rencontre et avec qui il peut partager de la connaissance. Ces deux derni\u00e8res sources d\u2019information peuvent modifier sa connaissance initiale en lui indiquant par exemple que suite \u00e0 la catastrophe une route a \u00e9t\u00e9 coup\u00e9e, qu\u2019un nouveau chemin pour atteindre sa destination est disponible etc. L&rsquo;id\u00e9e est de proposer une mod\u00e9lisation utilisant les graphes spatiaux qui permettent \u00e0 chaque agent de d\u00e9tenir une connaissance de l\u2019espace et de voir comment cette mod\u00e9lisation s&rsquo;inscrit dans le syst\u00e8me global.<\/p>\n","protected":false},"excerpt":{"rendered":"<p>Nom du projet Exploring by Simulation Cities Awareness on Population Evacuation \u2013 ESCAPE P\u00e9riode 2016 &#8211; 2020 \/ 2019 &#8211; 202? Financement ANR \/ RIN R\u00f4le Membre des actions 3 (mod\u00e9lisation des individus) et 4 (mod\u00e9lisation des groupes) Encadrement de &hellip; <a href=\"https:\/\/pagesperso.litislab.fr\/gdelmondo\/projets\/escape\/\">Continuer la lecture <span class=\"meta-nav\">&rarr;<\/span><\/a><\/p>\n","protected":false},"author":40,"featured_media":0,"parent":14,"menu_order":0,"comment_status":"closed","ping_status":"closed","template":"","meta":{"_acf_changed":false,"_exactmetrics_skip_tracking":false,"_exactmetrics_sitenote_active":false,"_exactmetrics_sitenote_note":"","_exactmetrics_sitenote_category":0,"footnotes":""},"class_list":["post-26","page","type-page","status-publish","hentry"],"acf":[],"_links":{"self":[{"href":"https:\/\/pagesperso.litislab.fr\/gdelmondo\/wp-json\/wp\/v2\/pages\/26","targetHints":{"allow":["GET"]}}],"collection":[{"href":"https:\/\/pagesperso.litislab.fr\/gdelmondo\/wp-json\/wp\/v2\/pages"}],"about":[{"href":"https:\/\/pagesperso.litislab.fr\/gdelmondo\/wp-json\/wp\/v2\/types\/page"}],"author":[{"embeddable":true,"href":"https:\/\/pagesperso.litislab.fr\/gdelmondo\/wp-json\/wp\/v2\/users\/40"}],"replies":[{"embeddable":true,"href":"https:\/\/pagesperso.litislab.fr\/gdelmondo\/wp-json\/wp\/v2\/comments?post=26"}],"version-history":[{"count":23,"href":"https:\/\/pagesperso.litislab.fr\/gdelmondo\/wp-json\/wp\/v2\/pages\/26\/revisions"}],"predecessor-version":[{"id":486,"href":"https:\/\/pagesperso.litislab.fr\/gdelmondo\/wp-json\/wp\/v2\/pages\/26\/revisions\/486"}],"up":[{"embeddable":true,"href":"https:\/\/pagesperso.litislab.fr\/gdelmondo\/wp-json\/wp\/v2\/pages\/14"}],"wp:attachment":[{"href":"https:\/\/pagesperso.litislab.fr\/gdelmondo\/wp-json\/wp\/v2\/media?parent=26"}],"curies":[{"name":"wp","href":"https:\/\/api.w.org\/{rel}","templated":true}]}}