{"id":2,"date":"2015-09-16T13:42:35","date_gmt":"2015-09-16T12:42:35","guid":{"rendered":"http:\/\/pagesperso.litislab.fr\/jfbrulard\/?page_id=2"},"modified":"2016-10-23T18:32:43","modified_gmt":"2016-10-23T17:32:43","slug":"accueil","status":"publish","type":"page","link":"https:\/\/pagesperso.litislab.fr\/jfbrulard\/","title":{"rendered":"Accueil"},"content":{"rendered":"<p><a href=\"http:\/\/pagesperso.litislab.fr\/jfbrulard\/wp-content\/uploads\/sites\/3\/2015\/09\/PhotoJFB.jpg\"><img loading=\"lazy\" decoding=\"async\" class=\"size-full wp-image-19 alignright\" src=\"http:\/\/pagesperso.litislab.fr\/jfbrulard\/wp-content\/uploads\/sites\/3\/2015\/09\/PhotoJFB.jpg\" alt=\"PhotoJFB\" width=\"200\" height=\"173\" \/><\/a><\/p>\n<p>Ing\u00e9nieur d&rsquo;\u00e9tudes \u00e0 la DSI de l&rsquo;<a href=\"http:\/\/www.insa-rouen.fr\" target=\"_blank\">INSA de Rouen<\/a>, j&rsquo;exerce mes fonctions principalement aupr\u00e8s du <a href=\"http:\/\/www.litislab.fr\" target=\"_blank\">laboratoire LITIS<\/a> depuis 2003.<\/p>\n<p>Je suis en charge de l&rsquo;administration syst\u00e8mes et r\u00e9seaux de l&rsquo;\u00e9quipement informatique du laboratoire \u00e0 l&rsquo;INSA, ainsi que de certains services communs du laboratoire comme l&rsquo;annuaire LDAP, les listes de diffusion, le site des pages personnelles.<\/p>\n<p>&nbsp;<\/p>\n","protected":false},"excerpt":{"rendered":"<p>Ing\u00e9nieur d&rsquo;\u00e9tudes \u00e0 la DSI de l&rsquo;INSA de Rouen, j&rsquo;exerce mes fonctions principalement aupr\u00e8s du laboratoire LITIS depuis 2003. Je suis en charge de l&rsquo;administration syst\u00e8mes et r\u00e9seaux de l&rsquo;\u00e9quipement informatique du laboratoire \u00e0 l&rsquo;INSA, ainsi que de certains services communs du laboratoire comme l&rsquo;annuaire LDAP, les listes de diffusion, le site des pages personnelles. &hellip; <a href=\"https:\/\/pagesperso.litislab.fr\/jfbrulard\/\" class=\"more-link\">Continuer la lecture de <span class=\"screen-reader-text\">Accueil<\/span> <span class=\"meta-nav\">&rarr;<\/span><\/a><\/p>\n","protected":false},"author":1,"featured_media":0,"parent":0,"menu_order":0,"comment_status":"closed","ping_status":"open","template":"","meta":{"_acf_changed":false,"_exactmetrics_skip_tracking":false,"_exactmetrics_sitenote_active":false,"_exactmetrics_sitenote_note":"","_exactmetrics_sitenote_category":0,"footnotes":""},"class_list":["post-2","page","type-page","status-publish","hentry"],"acf":[],"_links":{"self":[{"href":"https:\/\/pagesperso.litislab.fr\/jfbrulard\/wp-json\/wp\/v2\/pages\/2","targetHints":{"allow":["GET"]}}],"collection":[{"href":"https:\/\/pagesperso.litislab.fr\/jfbrulard\/wp-json\/wp\/v2\/pages"}],"about":[{"href":"https:\/\/pagesperso.litislab.fr\/jfbrulard\/wp-json\/wp\/v2\/types\/page"}],"author":[{"embeddable":true,"href":"https:\/\/pagesperso.litislab.fr\/jfbrulard\/wp-json\/wp\/v2\/users\/1"}],"replies":[{"embeddable":true,"href":"https:\/\/pagesperso.litislab.fr\/jfbrulard\/wp-json\/wp\/v2\/comments?post=2"}],"version-history":[{"count":8,"href":"https:\/\/pagesperso.litislab.fr\/jfbrulard\/wp-json\/wp\/v2\/pages\/2\/revisions"}],"predecessor-version":[{"id":107,"href":"https:\/\/pagesperso.litislab.fr\/jfbrulard\/wp-json\/wp\/v2\/pages\/2\/revisions\/107"}],"wp:attachment":[{"href":"https:\/\/pagesperso.litislab.fr\/jfbrulard\/wp-json\/wp\/v2\/media?parent=2"}],"curies":[{"name":"wp","href":"https:\/\/api.w.org\/{rel}","templated":true}]}}