{"id":7,"date":"2015-09-16T14:06:48","date_gmt":"2015-09-16T13:06:48","guid":{"rendered":"http:\/\/pagesperso.litislab.fr\/jfbrulard\/?page_id=7"},"modified":"2022-08-16T09:46:20","modified_gmt":"2022-08-16T08:46:20","slug":"cv","status":"publish","type":"page","link":"https:\/\/pagesperso.litislab.fr\/jfbrulard\/cv\/","title":{"rendered":"CV"},"content":{"rendered":"<h4>Situation administrative<\/h4>\n<p>Ing\u00e9nieur d&rsquo;\u00e9tudes hors classe, BAP E<\/p>\n<h4>FORMATION ET DIPL\u00d4MES<\/h4>\n<p>1978-1980\u00a0\u00a0\u00a0 DEUG Sciences de la nature et de la vie, Universit\u00e9 de Rouen.<br \/>\n1980-1981\u00a0\u00a0\u00a0 Licence de biologie des organismes, Universit\u00e9 de Rouen.<br \/>\n1981-1982 \u00a0 \u00a0Ma\u00eetrise de biologie des organismes et des populations, Universit\u00e9 de Rouen.<\/p>\n<p>1988-1989 \u00a0 \u00a0DEA de g\u00e9ographie, mention mod\u00e9lisation et traitement graphique, Universit\u00e9 de Rouen _\u00a0M\u00e9moire : d\u00e9formation d&rsquo;un maillage hexagonal.<\/p>\n<p>2001-2004 \u00a0Inscription au CNAM en cycle B d\u2019ing\u00e9nieur informatique<br \/>\nunit\u00e9s de valeurs obtenues\u00a0: Conception et d\u00e9veloppement du logiciel, D\u00e9veloppement orient\u00e9 objet, Mod\u00e9lisation et optimisation, G\u00e9nie logiciel, Syst\u00e8mes et r\u00e9seaux, bases math\u00e9matiques, TP projet en JAVA.<\/p>\n<h4>EXP\u00c9RIENCE PROFESSIONNELLE<\/h4>\n<p><em>Depuis 2007 administrateur syst\u00e8mes et r\u00e9seaux \u00e0 la DSI de l\u2019INSA<\/em><em> de Rouen<\/em><\/p>\n<p><em>2003-2007 administrateur r\u00e9seau au laboratoire LITIS \u00e0 l\u2019INSA<\/em><em> de Rouen.<\/em><\/p>\n<p><em>1982-2003 informaticien au <a href=\"http:\/\/spn.mnhn.fr\" target=\"_blank\" rel=\"noopener\">Service du Patrimoine Naturel<\/a>, <a href=\"http:\/\/www.mnhn.fr\" target=\"_blank\" rel=\"noopener\">Mus\u00e9um National d\u2019Histoire Naturelle<\/a><\/em><br \/>\nJ\u2019y assurais des taches d\u2019analyse et programmation, gestion des bases de donn\u00e9es, de mise en \u0153uvre du syst\u00e8me d\u2019information g\u00e9ographique, de gestion de la cha\u00eene de production graphique pour l\u2019\u00e9dition. J\u2019avais la responsabilit\u00e9 du parc micro-informatique du service.<\/p>\n<p><em>1985-1986\u00a0\u00a0\u00a0 Service National en coop\u00e9ration.<\/em><br \/>\nAffect\u00e9 \u00e0 l\u2019<a href=\"http:\/\/www.ifpindia.org\" target=\"_blank\" rel=\"noopener\">Institut Fran\u00e7ais de Pondich\u00e9ry<\/a> (Inde), j\u2019y ai effectu\u00e9 une mission de pr\u00e9sentation du savoir-faire du SPN aupr\u00e8s d\u2019organismes indiens travaillant dans le domaine du patrimoine naturel. J\u2019ai \u00e9galement mis en service le premier syst\u00e8me informatique de l\u2019Institut Fran\u00e7ais (R\u00e9alisation de programmes en analyse de donn\u00e9es, cartographie automatique, traitement bibliographique).<\/p>\n<p><em>Septembre 1981 &#8211; juin 1982\u00a0 moniteur au service commun d\u2019informatique de la facult\u00e9 des sciences, universit\u00e9 de Rouen.<\/em><\/p>\n","protected":false},"excerpt":{"rendered":"<p>Situation administrative Ing\u00e9nieur d&rsquo;\u00e9tudes hors classe, BAP E FORMATION ET DIPL\u00d4MES 1978-1980\u00a0\u00a0\u00a0 DEUG Sciences de la nature et de la vie, Universit\u00e9 de Rouen. 1980-1981\u00a0\u00a0\u00a0 Licence de biologie des organismes, Universit\u00e9 de Rouen. 1981-1982 \u00a0 \u00a0Ma\u00eetrise de biologie des organismes et des populations, Universit\u00e9 de Rouen. 1988-1989 \u00a0 \u00a0DEA de g\u00e9ographie, mention mod\u00e9lisation et traitement &hellip; <a href=\"https:\/\/pagesperso.litislab.fr\/jfbrulard\/cv\/\" class=\"more-link\">Continuer la lecture de <span class=\"screen-reader-text\">CV<\/span> <span class=\"meta-nav\">&rarr;<\/span><\/a><\/p>\n","protected":false},"author":1,"featured_media":0,"parent":0,"menu_order":10,"comment_status":"closed","ping_status":"closed","template":"","meta":{"_acf_changed":false,"_exactmetrics_skip_tracking":false,"_exactmetrics_sitenote_active":false,"_exactmetrics_sitenote_note":"","_exactmetrics_sitenote_category":0,"footnotes":""},"class_list":["post-7","page","type-page","status-publish","hentry"],"acf":[],"_links":{"self":[{"href":"https:\/\/pagesperso.litislab.fr\/jfbrulard\/wp-json\/wp\/v2\/pages\/7","targetHints":{"allow":["GET"]}}],"collection":[{"href":"https:\/\/pagesperso.litislab.fr\/jfbrulard\/wp-json\/wp\/v2\/pages"}],"about":[{"href":"https:\/\/pagesperso.litislab.fr\/jfbrulard\/wp-json\/wp\/v2\/types\/page"}],"author":[{"embeddable":true,"href":"https:\/\/pagesperso.litislab.fr\/jfbrulard\/wp-json\/wp\/v2\/users\/1"}],"replies":[{"embeddable":true,"href":"https:\/\/pagesperso.litislab.fr\/jfbrulard\/wp-json\/wp\/v2\/comments?post=7"}],"version-history":[{"count":5,"href":"https:\/\/pagesperso.litislab.fr\/jfbrulard\/wp-json\/wp\/v2\/pages\/7\/revisions"}],"predecessor-version":[{"id":127,"href":"https:\/\/pagesperso.litislab.fr\/jfbrulard\/wp-json\/wp\/v2\/pages\/7\/revisions\/127"}],"wp:attachment":[{"href":"https:\/\/pagesperso.litislab.fr\/jfbrulard\/wp-json\/wp\/v2\/media?parent=7"}],"curies":[{"name":"wp","href":"https:\/\/api.w.org\/{rel}","templated":true}]}}