{"id":17,"date":"2015-09-19T16:05:31","date_gmt":"2015-09-19T15:05:31","guid":{"rendered":"http:\/\/pagesperso.litislab.fr\/lvercouter\/?page_id=17"},"modified":"2024-06-19T10:26:11","modified_gmt":"2024-06-19T09:26:11","slug":"research","status":"publish","type":"page","link":"https:\/\/pagesperso.litislab.fr\/lvercouter\/research\/","title":{"rendered":"Projects"},"content":{"rendered":"<p><strong>Current projects:<\/strong><\/p>\n<p><em><strong>MaestrIoT (Multi-Agent Trust Decision Process for the Internet of Things):<\/strong><\/em> The main objective of the MaestrIoT project is to develop an algorithmic framework for ensuring trust in a multi-agent system handling sensors and actuators of a cyber-physical environment. Trust management has to be ensured from the perception to decision making and integrating the exchange of information between WoT devices.<\/p>\n<ul>\n<li>Consortium:\u00a0 CITI, LCIS, LIMOS<\/li>\n<li>Call: ANR CE 23<\/li>\n<li>Total fundings : 540 k\u20ac<\/li>\n<li>Duration: 2022-2026<\/li>\n<\/ul>\n<p><em><strong>Pr\u00e9Tra (Modules pr\u00e9dictifs de traffic multimodal):<\/strong><\/em> The project aims to develop a multi-agent traffic microsimulation on the scale of the Rouen Normandy Metropolis, capable of taking into account unexpected events, whether human behavior or rapid changes to the infrastructure. It complements the TIGA Rouen Intelligent Mobility for All project, supported by the Rouen Normandy Metropolis, with the aim of transferring research work in reinforcement learning for individual-centric traffic simulation to the predictive module of the hypervisor developed in the TIGA project.<\/p>\n<ul>\n<li>Consortium:\u00a0 LITIS (INSA Rouen and University of Rouen)<\/li>\n<li>Call: M\u00e9tropole Rouen Normandie<\/li>\n<li>Total fundings : 80 k\u20ac<\/li>\n<li>Duration: 2022-2025<\/li>\n<\/ul>\n<p><strong>Past projects:<\/strong><\/p>\n<p><em><strong>IoT.H2O (Internet of Things for Water):<\/strong><\/em> The objective of the project is to develop distributed supervision and optimization models\u00a0based on an Internet of Things deployed in a water treatment and distribution system. Our role will be to propose decentralized multi-agent coordination algorithms between the different parts of the network, based on data locally collected by smart devices\u00a0and by agents communication.<\/p>\n<ul>\n<li>Consortium:\u00a0 Dr. Kraetzig Ingenieurgesellschaft mbH (project leader), University of Kaiserslautern (Germany), University of Li\u00e8ge (Belgium), University of Minas Gerais (Brazil)<\/li>\n<li>Call: Water JPI 2018<\/li>\n<li>Total fundings : 918 k\u20ac<\/li>\n<li>Duration: 2019-2022<\/li>\n<\/ul>\n<p><em><strong>SICoPaD (Suivi Interactif et Connect\u00e9 de Patients Hospitalis\u00e9s \u00e0 Domicile):<\/strong><\/em> The objective is to use smart health things to collect data on cancer patients treated at home by oral chemotherapy. These data will be processed by classification to recognize the patient&rsquo;s current condition and activity, then by decision-making that may lead to a medication recall with the patient or an alert to relatives or health professionals.<\/p>\n<ul>\n<li>Consortium:\u00a0 LITIS (project leader), GREYC, LMI, Centre Henri Becquerel<\/li>\n<li>Call: RIN Recherche 2018<\/li>\n<li>Total fundings : 350 k\u20ac<\/li>\n<li>Duration: 2018-2021<\/li>\n<li>web site:\u00a0<a href=\"http:\/\/sicopad.projets.litislab.fr\/\">http:\/\/sicopad.projets.litislab.fr\/<\/a><\/li>\n<\/ul>\n<p><em><strong>PlaIR 2018 (Plateforme d&rsquo;Indexation R\u00e9gionale):<\/strong>\u00a0<\/em>The Regional Indexation Platform adopts a multidisciplinary approach combining research units in the field of Digital Sciences (Computer Science, Applied Mathematics) and Human and Social Sciences (Law, History, Linguistics, Literature) in order to offer new digital solutions for the creation and access to digital documentary databases.<\/p>\n<ul>\n<li>Consortium:\u00a0 LITIS, IRIHS (project leaders), CHU Rouen Normandie<\/li>\n<li>Call: FEDER<\/li>\n<li>Total fundings : 1 695 k\u20ac<\/li>\n<li>Duration: 2016-2020<\/li>\n<li>web site:\u00a0<a href=\"http:\/\/plair.projets.litislab.fr\/\" target=\"_blank\" rel=\"noopener\">http:\/\/plair.projets.litislab.fr\/<\/a><\/li>\n<\/ul>\n<p><em><strong>SAPHIRS (Syst\u00e8me pour l&rsquo;analyse de la propagation d&rsquo;information dans les r\u00e9seaux sociaux):<\/strong><\/em>\u00a0In the SAPhIRS project, we propose to study the mechanisms of information and opinion propagation within social networks: identifying influential leaders, detecting channels for disseminating information and opinion.<\/p>\n<ul>\n<li>Consortium:\u00a0 Saagie, Airbus Defense &amp; Space, LITIS<\/li>\n<li>Call: DGA<\/li>\n<li>Total fundings : 760 k\u20ac<\/li>\n<li>Duration: 2018-2020<\/li>\n<\/ul>\n<p><em><strong>ATP (Arch\u00e9omat\u00e9riaux : Territoire, Patrimoine):<\/strong><\/em> The objective is to\u00a0study archaeomaterials and their spatial diffusion in Normandy to make it possible to question the early organization of the territory.\u00a0Based on traces of archaeomaterials and historical data on the presence of quarries and buildings, a diffusion model will be developed and will lead to an implementation for a multi-agent simulation.<\/p>\n<ul>\n<li>Consortium:\u00a0 IDEES (project leader), GRHIS, INRAP, LITIS<\/li>\n<li>Call: RIN Recherche 2017<\/li>\n<li>Total fundings : 445 k\u20ac<\/li>\n<li>Duration: 2018-2019<\/li>\n<\/ul>\n<p><em><strong>PlaIR 2.0 (Plateforme d&rsquo;Indexation R\u00e9gionale 2.0):<\/strong><\/em> this project\u00a0aims to facilitate access to digital documents by: (i) developing processes, tools and interfaces adapted to the real uses observed in different countries (ii) performing semantic indexing of user categories; (iii) performing semantic indexing of corpus (iii) dematerializing documents by digitization.<\/p>\n<ul>\n<li>Consortium:\u00a0 LITIS (project leader), DYSOLA, GRHIS, CHU Rouen Normandie, IDIT<\/li>\n<li>Call: GRR LMN<\/li>\n<li>Total fundings : 175 k\u20ac<\/li>\n<li>Duration: 2013-2016<\/li>\n<li>web site:\u00a0<a href=\"http:\/\/plair.projets.litislab.fr\/\" target=\"_blank\" rel=\"noopener\">http:\/\/plair.projets.litislab.fr\/<\/a><\/li>\n<\/ul>\n","protected":false},"excerpt":{"rendered":"<p>Current projects: MaestrIoT (Multi-Agent Trust Decision Process for the Internet of Things): The main objective of the MaestrIoT project is to develop an algorithmic framework for ensuring trust in a multi-agent system handling sensors and actuators of a cyber-physical environment. Trust management has to be ensured from the perception to decision making and integrating the &hellip; <a href=\"https:\/\/pagesperso.litislab.fr\/lvercouter\/research\/\" class=\"more-link\">Continuer la lecture de <span class=\"screen-reader-text\">Projects<\/span> <span class=\"meta-nav\">&rarr;<\/span><\/a><\/p>\n","protected":false},"author":5,"featured_media":0,"parent":0,"menu_order":1,"comment_status":"closed","ping_status":"closed","template":"","meta":{"_acf_changed":false,"_exactmetrics_skip_tracking":false,"_exactmetrics_sitenote_active":false,"_exactmetrics_sitenote_note":"","_exactmetrics_sitenote_category":0,"footnotes":""},"class_list":["post-17","page","type-page","status-publish","hentry"],"acf":[],"_links":{"self":[{"href":"https:\/\/pagesperso.litislab.fr\/lvercouter\/wp-json\/wp\/v2\/pages\/17","targetHints":{"allow":["GET"]}}],"collection":[{"href":"https:\/\/pagesperso.litislab.fr\/lvercouter\/wp-json\/wp\/v2\/pages"}],"about":[{"href":"https:\/\/pagesperso.litislab.fr\/lvercouter\/wp-json\/wp\/v2\/types\/page"}],"author":[{"embeddable":true,"href":"https:\/\/pagesperso.litislab.fr\/lvercouter\/wp-json\/wp\/v2\/users\/5"}],"replies":[{"embeddable":true,"href":"https:\/\/pagesperso.litislab.fr\/lvercouter\/wp-json\/wp\/v2\/comments?post=17"}],"version-history":[{"count":10,"href":"https:\/\/pagesperso.litislab.fr\/lvercouter\/wp-json\/wp\/v2\/pages\/17\/revisions"}],"predecessor-version":[{"id":95,"href":"https:\/\/pagesperso.litislab.fr\/lvercouter\/wp-json\/wp\/v2\/pages\/17\/revisions\/95"}],"wp:attachment":[{"href":"https:\/\/pagesperso.litislab.fr\/lvercouter\/wp-json\/wp\/v2\/media?parent=17"}],"curies":[{"name":"wp","href":"https:\/\/api.w.org\/{rel}","templated":true}]}}