{"id":24,"date":"2019-02-18T12:32:33","date_gmt":"2019-02-18T11:32:33","guid":{"rendered":"http:\/\/pagesperso.litislab.fr\/lvercouter\/?page_id=24"},"modified":"2025-09-18T22:30:58","modified_gmt":"2025-09-18T21:30:58","slug":"phd-students","status":"publish","type":"page","link":"https:\/\/pagesperso.litislab.fr\/lvercouter\/phd-students\/","title":{"rendered":"PhD students"},"content":{"rendered":"<p><strong>Current PhD students:<\/strong><\/p>\n<ul>\n<li><em>Benjamin Fontaine<\/em> (2025-2028): \u00ab\u00a0Coordination adaptative des d\u00e9placements de plateformes h\u00e9t\u00e9rog\u00e8nes et exploitation de connaissances a priori\u00a0\u00bb<\/li>\n<li><em>Jos\u00e9 Edilson Silva Filho<\/em> (2024-2027): \u00ab\u00a0Trustful Communication in Nanosatellite Constellations Using Multiagent Systems and Blockchain\u00a0\u00bb<\/li>\n<li><em>Maxime Alaarabiou<\/em> (2023-2026): \u00ab\u00a0Explainable reinforcement learning\u00a0\u00bb<\/li>\n<li><em>Marc Saideh<\/em> (2022-2025): \u00ab\u00a0Multi-agent trust management for the Internet of Things\u00a0\u00bb<\/li>\n<\/ul>\n<p><strong>Past PhD students:<\/strong><\/p>\n<ul>\n<li><em>Henrique Donancio Nunes Rodrigues<\/em> (defended in july 2023): \u00ab\u00a0Planification multi-agent pour le contr\u00f4le d\u2019un r\u00e9seau de distribution d\u2019eau\u00a0\u00bb<\/li>\n<li><em>Nour El Mawass<\/em> (defended in october 2020): \u00ab\u00a0Protection adaptative anti-abus de r\u00e9seaux sociaux num\u00e9riques par apprentissage statistique\u00a0\u00bb<\/li>\n<li><a href=\"https:\/\/phd.louvet.io\/accueil.html\" target=\"_blank\" rel=\"noopener\"><em>Jean-Baptiste Louvet<\/em><\/a> (defended in july 2019): \u00ab\u00a0Interactions dialogiques pour une navigation personnalis\u00e9e\u00a0\u00bb<\/li>\n<li><em>Mathieu Bourgais<\/em> (defended in november 2018): \u00ab\u00a0Vers des agents cognitifs, affectifs et sociaux dans la simulation\u00a0\u00bb<\/li>\n<li><em>Guillaume Gadek<\/em> (defended in november 2018): \u00ab\u00a0D\u00e9tection des opinions, des acteurs-cl\u00e9s et des communaut\u00e9s th\u00e9matiques dans les m\u00e9dias sociaux\u00a0\u00bb<\/li>\n<li><em>Zina El Guedria<\/em> (defended in october 2018): \u00ab\u00a0Assistance a\u0300 la recherche documentaire par une approche adaptative\u00a0a\u0300 base\u00a0d\u2019agents et d\u2019artefacts\u00a0\u00bb<\/li>\n<li><em>Zaher Yamak<\/em> (defended in february 2018): \u00ab\u00a0D\u00e9tection d&rsquo;identit\u00e9s multiples dans les m\u00e9dias sociaux\u00a0\u00bb<\/li>\n<li><a href=\"https:\/\/uma.ensta-paristech.fr\/~ales\" target=\"_blank\" rel=\"noopener\"><em>Zacharie Al\u00e8s<\/em><\/a> (defended in november 2014): \u00ab\u00a0Extraction et partitionnement pour la recherche de r\u00e9gularit\u00e9s : application \u00e0 l\u2019analyse de dialogues\u00a0\u00bb<\/li>\n<li><em>Romain No\u00ebl<\/em> (defended in october 2014): \u00ab\u00a0Contribution \u00e0 la veille strat\u00e9gique : DOWSER, un syst\u00e8me de d\u00e9couverte de sourcesWeb d\u2019int\u00e9r\u00eat op\u00e9rationnel\u00a0\u00bb<\/li>\n<li><em>Yann Krupa<\/em> (defended in july 2012): \u00ab\u00a0Raisonnement social multi-dimensionnel pour la protection des informations sensibles dans les syst\u00e8mes multi-agents\u00a0\u00bb<\/li>\n<li><em>Mathieu Vall\u00e9e<\/em> (defended in 2009): \u00ab\u00a0Adaptation contextuelle et composition dynamique de services selon une approche multi-agent sur une infrastructure orient\u00e9e-service pour un environnement d\u2019intelligence ambiante\u00a0\u00bb<\/li>\n<li><em>Guillaume Grondin<\/em> (defended in 2008): \u00ab\u00a0MaDcAr-Agent : un mod\u00e8le d\u2019agent auto-adaptable \u00e0 base de composants\u00a0\u00bb<\/li>\n<li><em>Guillaume Muller<\/em> (defended in 2006): \u00ab\u00a0Utilisation de normes de r\u00e9putations pour d\u00e9tecter et sanctionner les contradictions &#8211; Contribution au contr\u00f4le social des interactions dans les syst\u00e8mes multi-agents ouverts et d\u00e9centralis\u00e9s\u00a0\u00bb<\/li>\n<\/ul>\n","protected":false},"excerpt":{"rendered":"<p>Current PhD students: Benjamin Fontaine (2025-2028): \u00ab\u00a0Coordination adaptative des d\u00e9placements de plateformes h\u00e9t\u00e9rog\u00e8nes et exploitation de connaissances a priori\u00a0\u00bb Jos\u00e9 Edilson Silva Filho (2024-2027): \u00ab\u00a0Trustful Communication in Nanosatellite Constellations Using Multiagent Systems and Blockchain\u00a0\u00bb Maxime Alaarabiou (2023-2026): \u00ab\u00a0Explainable reinforcement learning\u00a0\u00bb Marc Saideh (2022-2025): \u00ab\u00a0Multi-agent trust management for the Internet of Things\u00a0\u00bb Past PhD students: Henrique &hellip; <a href=\"https:\/\/pagesperso.litislab.fr\/lvercouter\/phd-students\/\" class=\"more-link\">Continuer la lecture de <span class=\"screen-reader-text\">PhD students<\/span> <span class=\"meta-nav\">&rarr;<\/span><\/a><\/p>\n","protected":false},"author":5,"featured_media":0,"parent":0,"menu_order":2,"comment_status":"closed","ping_status":"closed","template":"","meta":{"_acf_changed":false,"_exactmetrics_skip_tracking":false,"_exactmetrics_sitenote_active":false,"_exactmetrics_sitenote_note":"","_exactmetrics_sitenote_category":0,"footnotes":""},"class_list":["post-24","page","type-page","status-publish","hentry"],"acf":[],"_links":{"self":[{"href":"https:\/\/pagesperso.litislab.fr\/lvercouter\/wp-json\/wp\/v2\/pages\/24","targetHints":{"allow":["GET"]}}],"collection":[{"href":"https:\/\/pagesperso.litislab.fr\/lvercouter\/wp-json\/wp\/v2\/pages"}],"about":[{"href":"https:\/\/pagesperso.litislab.fr\/lvercouter\/wp-json\/wp\/v2\/types\/page"}],"author":[{"embeddable":true,"href":"https:\/\/pagesperso.litislab.fr\/lvercouter\/wp-json\/wp\/v2\/users\/5"}],"replies":[{"embeddable":true,"href":"https:\/\/pagesperso.litislab.fr\/lvercouter\/wp-json\/wp\/v2\/comments?post=24"}],"version-history":[{"count":14,"href":"https:\/\/pagesperso.litislab.fr\/lvercouter\/wp-json\/wp\/v2\/pages\/24\/revisions"}],"predecessor-version":[{"id":103,"href":"https:\/\/pagesperso.litislab.fr\/lvercouter\/wp-json\/wp\/v2\/pages\/24\/revisions\/103"}],"wp:attachment":[{"href":"https:\/\/pagesperso.litislab.fr\/lvercouter\/wp-json\/wp\/v2\/media?parent=24"}],"curies":[{"name":"wp","href":"https:\/\/api.w.org\/{rel}","templated":true}]}}