{"id":48,"date":"2019-02-18T19:39:54","date_gmt":"2019-02-18T18:39:54","guid":{"rendered":"http:\/\/pagesperso.litislab.fr\/lvercouter\/?page_id=48"},"modified":"2025-04-29T08:43:44","modified_gmt":"2025-04-29T07:43:44","slug":"home","status":"publish","type":"page","link":"https:\/\/pagesperso.litislab.fr\/lvercouter\/","title":{"rendered":"Home"},"content":{"rendered":"<table class=\" alignleft\" style=\"height: 194px;width: 670px\" width=\"537\" cellpadding=\"5\">\n<tbody>\n<tr style=\"height: 194px\">\n<td style=\"width: 131px;height: 194px\"><a href=\"http:\/\/pagesperso.litislab.fr\/lvercouter\/wp-content\/uploads\/sites\/6\/2015\/09\/lv-pfia15.png\"><img loading=\"lazy\" decoding=\"async\" class=\"alignnone wp-image-31 size-medium\" src=\"http:\/\/pagesperso.litislab.fr\/lvercouter\/wp-content\/uploads\/sites\/6\/2015\/09\/lv-pfia15-198x300.png\" alt=\"\" width=\"198\" height=\"300\" srcset=\"https:\/\/pagesperso.litislab.fr\/lvercouter\/wp-content\/uploads\/sites\/6\/2015\/09\/lv-pfia15-198x300.png 198w, https:\/\/pagesperso.litislab.fr\/lvercouter\/wp-content\/uploads\/sites\/6\/2015\/09\/lv-pfia15-675x1024.png 675w, https:\/\/pagesperso.litislab.fr\/lvercouter\/wp-content\/uploads\/sites\/6\/2015\/09\/lv-pfia15.png 742w\" sizes=\"auto, (max-width: 198px) 100vw, 198px\" \/><\/a><\/td>\n<td style=\"vertical-align: top;width: 504px;height: 194px\">Professor in Computer Science, <a href=\"https:\/\/www.insa-rouen.fr\/\">INSA Rouen Normandie<\/a>,\u00a0<a href=\"http:\/\/www.litislab.eu\/\" target=\"_blank\" rel=\"nofollow noopener\">LITIS<\/a> Laboratory EA 4108<\/p>\n<p><i>E-mail<\/i>: <a href=\"mailto:laurent.vercouter@insa-rouen.fr\">click here<\/a><br \/>\n<i>Phone<\/i>: (+33) 232 959 986<br \/>\n<i>Address<\/i>: Avenue de l&rsquo;Universit\u00e9 &#8211; BP 8, 76801 Saint-\u00c9tienne-du-Rouvray Cedex, France<br \/>\n<i>ORCID<\/i>: 0000-0002-0918-8033<\/td>\n<\/tr>\n<\/tbody>\n<\/table>\n<p><strong>Current responsibilities :<\/strong><\/p>\n<ul>\n<li>Vice head of the <a href=\"http:\/\/www.litislab.eu\/\">LITIS<\/a> lab<\/li>\n<li>Scientific Advisor on Artificial Intelligence for the French Ministry of Higher Education and Research<\/li>\n<\/ul>\n<p><strong>Former responsibilities :<\/strong><\/p>\n<ul>\n<li>Coordinator of the P\u00f4le strat\u00e9gique de recherche et de formation Sciences du Num\u00e9rique for\u00a0<a href=\"https:\/\/www.normandie-univ.fr\/\">Normandie Universit\u00e9<\/a><\/li>\n<li>Head of the education field for the coordination of the national strategy in artificial intelligence at <a href=\"http:\/\/www.inria.fr\">Inria<\/a><\/li>\n<li>President of the Autonomous Agents &amp; Multi-Agent Systems college of AFIA (Association Fran\u00e7aise d&rsquo;Intelligence Artificielle) (2017-2020)<\/li>\n<li>Assistant editor of <a href=\"https:\/\/ria.revuesonline.com\/accueil.jsp\">RIA<\/a> (Revue d&rsquo;Intelligence Artificielle) (2017-2019)<\/li>\n<li>Scientific chair of <a href=\"http:\/\/pfia2015.inria.fr\/conference-jfsma\">JFSMA 2015<\/a> (Journ\u00e9es Francophones des Syst\u00e8mes Multi-Agents) and EASSS 2012 (European Agent Systems Summer School)<\/li>\n<li>Organizing chair of RFIA 2014 (Reconnaissance des Formes et Intelligence Artificielle)<\/li>\n<li>Head of the <a href=\"http:\/\/www.litislab.fr\/equipe\/mind\/\">MIND<\/a> group of <a href=\"http:\/\/www.litislab.eu\/\">LITIS<\/a> (2014-2017)<\/li>\n<\/ul>\n","protected":false},"excerpt":{"rendered":"<p>Professor in Computer Science, INSA Rouen Normandie,\u00a0LITIS Laboratory EA 4108 E-mail: click here Phone: (+33) 232 959 986 Address: Avenue de l&rsquo;Universit\u00e9 &#8211; BP 8, 76801 Saint-\u00c9tienne-du-Rouvray Cedex, France ORCID: 0000-0002-0918-8033 Current responsibilities : Vice head of the LITIS lab Scientific Advisor on Artificial Intelligence for the French Ministry of Higher Education and Research Former &hellip; <a href=\"https:\/\/pagesperso.litislab.fr\/lvercouter\/\" class=\"more-link\">Continuer la lecture de <span class=\"screen-reader-text\">Home<\/span> <span class=\"meta-nav\">&rarr;<\/span><\/a><\/p>\n","protected":false},"author":5,"featured_media":0,"parent":0,"menu_order":0,"comment_status":"closed","ping_status":"closed","template":"","meta":{"_acf_changed":false,"_exactmetrics_skip_tracking":false,"_exactmetrics_sitenote_active":false,"_exactmetrics_sitenote_note":"","_exactmetrics_sitenote_category":0,"footnotes":""},"class_list":["post-48","page","type-page","status-publish","hentry"],"acf":[],"_links":{"self":[{"href":"https:\/\/pagesperso.litislab.fr\/lvercouter\/wp-json\/wp\/v2\/pages\/48","targetHints":{"allow":["GET"]}}],"collection":[{"href":"https:\/\/pagesperso.litislab.fr\/lvercouter\/wp-json\/wp\/v2\/pages"}],"about":[{"href":"https:\/\/pagesperso.litislab.fr\/lvercouter\/wp-json\/wp\/v2\/types\/page"}],"author":[{"embeddable":true,"href":"https:\/\/pagesperso.litislab.fr\/lvercouter\/wp-json\/wp\/v2\/users\/5"}],"replies":[{"embeddable":true,"href":"https:\/\/pagesperso.litislab.fr\/lvercouter\/wp-json\/wp\/v2\/comments?post=48"}],"version-history":[{"count":12,"href":"https:\/\/pagesperso.litislab.fr\/lvercouter\/wp-json\/wp\/v2\/pages\/48\/revisions"}],"predecessor-version":[{"id":101,"href":"https:\/\/pagesperso.litislab.fr\/lvercouter\/wp-json\/wp\/v2\/pages\/48\/revisions\/101"}],"wp:attachment":[{"href":"https:\/\/pagesperso.litislab.fr\/lvercouter\/wp-json\/wp\/v2\/media?parent=48"}],"curies":[{"name":"wp","href":"https:\/\/api.w.org\/{rel}","templated":true}]}}