{"id":10,"date":"2016-01-25T14:01:29","date_gmt":"2016-01-25T13:01:29","guid":{"rendered":"http:\/\/pagesperso.litislab.fr\/mmainguenaud\/?page_id=10"},"modified":"2016-02-26T11:45:02","modified_gmt":"2016-02-26T10:45:02","slug":"recherche-fr-en","status":"publish","type":"page","link":"https:\/\/pagesperso.litislab.fr\/mmainguenaud\/recherche-fr-en\/","title":{"rendered":"Recherche &#8211; Research"},"content":{"rendered":"<p><img loading=\"lazy\" decoding=\"async\" class=\"alignnone size-full wp-image-51\" src=\"http:\/\/pagesperso.litislab.fr\/mmainguenaud\/wp-content\/uploads\/sites\/16\/2016\/01\/litis300.jpeg\" alt=\"litis300\" width=\"128\" height=\"121\" srcset=\"https:\/\/pagesperso.litislab.fr\/mmainguenaud\/wp-content\/uploads\/sites\/16\/2016\/01\/litis300.jpeg 128w, https:\/\/pagesperso.litislab.fr\/mmainguenaud\/wp-content\/uploads\/sites\/16\/2016\/01\/litis300-100x95.jpeg 100w\" sizes=\"auto, (max-width: 128px) 100vw, 128px\" \/><img loading=\"lazy\" decoding=\"async\" class=\"size-full wp-image-52 alignright\" src=\"http:\/\/pagesperso.litislab.fr\/mmainguenaud\/wp-content\/uploads\/sites\/16\/2016\/01\/Logo_INSAROUEN2014_600x.jpg\" alt=\"Logo_INSA-ROUEN\" width=\"180\" height=\"47\" srcset=\"https:\/\/pagesperso.litislab.fr\/mmainguenaud\/wp-content\/uploads\/sites\/16\/2016\/01\/Logo_INSAROUEN2014_600x.jpg 180w, https:\/\/pagesperso.litislab.fr\/mmainguenaud\/wp-content\/uploads\/sites\/16\/2016\/01\/Logo_INSAROUEN2014_600x-100x26.jpg 100w, https:\/\/pagesperso.litislab.fr\/mmainguenaud\/wp-content\/uploads\/sites\/16\/2016\/01\/Logo_INSAROUEN2014_600x-150x39.jpg 150w\" sizes=\"auto, (max-width: 180px) 100vw, 180px\" \/><\/p>\n<p style=\"text-align: center\">Cette pr\u00e9sentation est disponible en <a href=\"#Francais\">fran\u00e7ais<\/a> \/<\/p>\n<p style=\"text-align: center\">This presentation is also available in <a href=\"#English\">English<\/a><\/p>\n<p>&nbsp;<\/p>\n<p style=\"text-align: center\">Pour la version en Klingon, il va falloir encore attendre un peu &#8230; \/ Sorry for the inconvenience but for the Klingon version you will have to wait for a while &#8230;<\/p>\n<p>&nbsp;<\/p>\n<h3><a id=\"Francais\"><\/a>Fran\u00e7ais :<\/h3>\n<p>Les activit\u00e9s de recherche sont poursuivies dans le cadre du laboratoire <a href=\"http:\/\/www.litislab.fr\/\" target=\"_blank\">LITIS<\/a> (EA4108) commun \u00e0 l&rsquo;<a href=\"http:\/\/www.insa-rouen.fr\/\" target=\"_blank\">Institut National des Sciences appliqu\u00e9es de Rouen<\/a>, l&rsquo;<a href=\"http:\/\/www.univ-rouen.fr\/\" target=\"_blank\">Universit\u00e9 de Rouen<\/a> et l&rsquo;<a href=\"https:\/\/www.univ-lehavre.fr\/\" target=\"_blank\">Universit\u00e9 du Havre<\/a>. Dans ce laboratoire de recherche, une \u00e9quipe est orient\u00e9e vers l&rsquo;\u00e9tude des syst\u00e8me de transport intelligent. Dans cette \u00e9quipe une des activit\u00e9s est la recherche dans le domaine des bases de donn\u00e9es spatialis\u00e9es &#8211; g\u00e9omatique.<\/p>\n<p>Pour la description compl\u00e8tes des activit\u00e9s de recherche en version fran\u00e7aise suivez le <a href=\"http:\/\/pagesperso.litislab.fr\/mmainguenaud\/recherche\/\">lien.<\/a><\/p>\n<p>&nbsp;<\/p>\n<p>&nbsp;<\/p>\n<h3 id=\"English\"><a id=\"English\"><\/a>English :<\/h3>\n<p>Research works are performed within the <a href=\"http:\/\/www.litislab.fr\/\" target=\"_blank\">LITIS<\/a> Laboratory (EA4108). This laboratory is granted by the <a href=\"http:\/\/www.insa-rouen.fr\/accueil\/index_html\/view?set_language=en\" target=\"_blank\">Institut National des Sciences Appliqu\u00e9es de Rouen<\/a>, Rouen University and Le Havre University. Within this laboratory, a team works on Intelligent Transport Systems. Within this team, one of the research activities is oriented towards spatial databases &#8211; Geographical Information Science.<\/p>\n<p>For the complete description of research activities, in English, use the following <a href=\"http:\/\/pagesperso.litislab.fr\/mmainguenaud\/research\/\">link.<\/a><\/p>\n<p>&nbsp;<\/p>\n<p><a href=\"http:\/\/pagesperso.litislab.fr\/mmainguenaud\/\">Retour \u00e0 l&rsquo;accueil \/ Back to the front page<\/a><\/p>\n<p>&nbsp;<\/p>\n<p>Derni\u00e8re mise \u00e0 jour (AAAA-MM-JJ)\/ Last update (YYYY-MM-DD): 2016-02-26<\/p>\n","protected":false},"excerpt":{"rendered":"<p>Cette pr\u00e9sentation est disponible en fran\u00e7ais \/ This presentation is also available in English &nbsp; Pour la version en Klingon, il va falloir encore attendre un peu &#8230; \/ Sorry for the inconvenience but for the Klingon version you will &hellip;<\/p>\n<p class=\"read-more\"> <a class=\"more-link\" href=\"https:\/\/pagesperso.litislab.fr\/mmainguenaud\/recherche-fr-en\/\"> <span class=\"screen-reader-text\">Recherche &#8211; Research<\/span> Read More &raquo;<\/a><\/p>\n","protected":false},"author":21,"featured_media":0,"parent":0,"menu_order":3,"comment_status":"closed","ping_status":"closed","template":"","meta":{"_acf_changed":false,"_exactmetrics_skip_tracking":false,"_exactmetrics_sitenote_active":false,"_exactmetrics_sitenote_note":"","_exactmetrics_sitenote_category":0,"footnotes":""},"class_list":["post-10","page","type-page","status-publish","hentry"],"acf":[],"_links":{"self":[{"href":"https:\/\/pagesperso.litislab.fr\/mmainguenaud\/wp-json\/wp\/v2\/pages\/10","targetHints":{"allow":["GET"]}}],"collection":[{"href":"https:\/\/pagesperso.litislab.fr\/mmainguenaud\/wp-json\/wp\/v2\/pages"}],"about":[{"href":"https:\/\/pagesperso.litislab.fr\/mmainguenaud\/wp-json\/wp\/v2\/types\/page"}],"author":[{"embeddable":true,"href":"https:\/\/pagesperso.litislab.fr\/mmainguenaud\/wp-json\/wp\/v2\/users\/21"}],"replies":[{"embeddable":true,"href":"https:\/\/pagesperso.litislab.fr\/mmainguenaud\/wp-json\/wp\/v2\/comments?post=10"}],"version-history":[{"count":18,"href":"https:\/\/pagesperso.litislab.fr\/mmainguenaud\/wp-json\/wp\/v2\/pages\/10\/revisions"}],"predecessor-version":[{"id":298,"href":"https:\/\/pagesperso.litislab.fr\/mmainguenaud\/wp-json\/wp\/v2\/pages\/10\/revisions\/298"}],"wp:attachment":[{"href":"https:\/\/pagesperso.litislab.fr\/mmainguenaud\/wp-json\/wp\/v2\/media?parent=10"}],"curies":[{"name":"wp","href":"https:\/\/api.w.org\/{rel}","templated":true}]}}