{"id":33,"date":"2016-01-25T17:12:04","date_gmt":"2016-01-25T16:12:04","guid":{"rendered":"http:\/\/pagesperso.litislab.fr\/mmainguenaud\/?page_id=33"},"modified":"2016-02-27T09:15:43","modified_gmt":"2016-02-27T08:15:43","slug":"recherche-fr","status":"publish","type":"page","link":"https:\/\/pagesperso.litislab.fr\/mmainguenaud\/recherche-fr\/","title":{"rendered":"Recherche"},"content":{"rendered":"<table style=\"height: 124px\" width=\"457\">\n<tbody>\n<tr>\n<td>Mot-cl\u00e9s :<\/td>\n<td>Syst\u00e8mes d&rsquo;Information G\u00e9ographique<\/td>\n<\/tr>\n<tr>\n<td><\/td>\n<td>Bases de donn\u00e9es multi-m\u00e9dia<\/td>\n<\/tr>\n<tr>\n<td><\/td>\n<td>Langage d&rsquo;interrogation<\/td>\n<\/tr>\n<tr>\n<td><\/td>\n<td>Mod\u00e8le de donn\u00e9es<\/td>\n<\/tr>\n<\/tbody>\n<\/table>\n<p>&nbsp;<\/p>\n<p>Ces quelques lignes ont pour objectif de vous pr\u00e9senter quelques activit\u00e9s de recherche men\u00e9es au cours de ces derni\u00e8res ann\u00e9es. Une bibliographie compl\u00e8te est disponible via le lien \u00ab\u00a0<a href=\"http:\/\/pagesperso.litislab.fr\/mmainguenaud\/bibliographie-bibliography-2\/\" target=\"_blank\">Bibliographie<\/a>\u00ab\u00a0. Les principaux points abord\u00e9s ici concernent :<\/p>\n<ul>\n<li><a href=\"#IHM\">les Interfaces Homme-Machine (langage \/ mod\u00e8le)<\/a><\/li>\n<li><a href=\"#GestionReseau\">la gestion de r\u00e9seau (mod\u00e8le)<\/a><\/li>\n<li><a href=\"#Modele\">les mod\u00e8les de donn\u00e9es<\/a><\/li>\n<\/ul>\n<p>&nbsp;<\/p>\n<h3><a id=\"IHM\"><\/a>Interface Homme-Machine (langage \/ mod\u00e8le)<\/h3>\n<p>La d\u00e9finition d&rsquo;un langage visuel pour l&rsquo;interrogation de Syst\u00e8mes d&rsquo;Informations G\u00e9ographiques est un des premiers th\u00e8mes \u00e9tudi\u00e9.\u00a0 Un langage visuel, CIGALES, permet de d\u00e9finir une requ\u00eate sur une base de donn\u00e9es contenant des informations g\u00e9olocalis\u00e9es. Visuel car le principe est la repr\u00e9sentation d&rsquo;une s\u00e9rie de relations spatiales recherch\u00e9es par un dessin (illustration par l&rsquo;exemple \u00e0 l&rsquo;image de QBE pour l&rsquo;alphanum\u00e9rique mais pour la composante (g\u00e9o-)graphique). CIGALES est un langage d\u00e9claratif dans le sens o\u00f9 il ne d\u00e9finit pas l&rsquo;ordre des actions \u00e0 effectuer pour r\u00e9soudre une requ\u00eate mais bien les propri\u00e9t\u00e9s spatiales recherch\u00e9es (Mainguenaud, Portier &#8211; SDH 1990). Voici quelques liens sur les publications sur ce th\u00e8me :<\/p>\n<ul>\n<li>Cigales, a Visual Query Language for a Geographical Information System: the User Interface : <a href=\"http:\/\/pagesperso.litislab.fr\/mmainguenaud\/bibliographie-fr-en\/#JVLC1994\" target=\"_blank\">Calcinelli &#8211; Mainguenaud &#8211; Journal of Visual Languages and Computing &#8211; Elsevier<\/a><\/li>\n<li>Classifying Ambiguities in a Visual Spatial Language : <a href=\"http:\/\/pagesperso.litislab.fr\/mmainguenaud\/bibliographie-fr-en\/#GeoInformatica2002\" target=\"_blank\">Carpentier &#8211; Mainguenaud &#8211; Geoinformatica &#8211; Kluwer<\/a><\/li>\n<\/ul>\n<p>Au niveau des mod\u00e8les, les orientations sont bas\u00e9es sur la gestion dans un contexte multi-utilisateur pour par exemple g\u00e9rer des probl\u00e8mes sur-contraints ou avec des utilisateurs ayant un niveau h\u00e9t\u00e9rog\u00e8ne en terme de connaissances \u00ab\u00a0informatique\u00a0\u00bb ou de logique m\u00e9tier. Voici quelques liens sur les publications sur ce th\u00e8me :<\/p>\n<div class=\"page\" title=\"Page 16\">\n<div class=\"layoutArea\">\n<div class=\"column\">\n<ul>\n<li>A framework to model and manipulate constraints for over-constrained geographic applications : <a href=\"http:\/\/pagesperso.litislab.fr\/mmainguenaud\/bibliographie-fr-en\/#GeoInformatica2013\" target=\"_blank\">Jaziri &#8211; Mainguenaud, GeoInformatica, Springer<\/a><\/li>\n<li class=\"page\" title=\"Page 17\">\n<div class=\"layoutArea\">\n<div class=\"column\">Conception collaborative d\u2019objets ge\u0301ographiques, Application aux jeux de territoires : <a href=\"http:\/\/pagesperso.litislab.fr\/mmainguenaud\/bibliographie-fr-en\/#RIG2006-SLetal\" target=\"_blank\">Lardon et al &#8211; Revue Internationale de G\u00e9omatique &#8211; Hermes<\/a><\/div>\n<\/div>\n<p>&nbsp;<\/li>\n<\/ul>\n<\/div>\n<\/div>\n<\/div>\n<h3 class=\"western\"><a id=\"GestionReseau\"><\/a>Gestion de R\u00e9seaux<\/h3>\n<p>Des \u00e9tudes sur la mod\u00e9lisation de r\u00e9seaux en se basant sur la notion de graphe ont \u00e9t\u00e9 men\u00e9es. L&rsquo;objectif est d&rsquo;\u00e9tudier la mod\u00e9lisation et la gestion de r\u00e9seaux notamment sur l&rsquo;aspect s\u00e9mantique (et non pas cartographique). Le principe de base est d&rsquo;avoir une vision d&rsquo;un r\u00e9seau qui part du niveau de l&rsquo;utilisateur vers le niveau cartographique (qui peut potentiellement ne pas exister). Voici quelques liens sur les publications sur ce th\u00e8me :<\/p>\n<ul>\n<li>The Modelling of the Geographical Information System Network Component : <a href=\"http:\/\/pagesperso.litislab.fr\/mmainguenaud\/bibliographie-fr-en\/#IJGIS1995\" target=\"_blank\">Mainguenaud &#8211; International Journal of Geographical Information Systems, Taylor and Francis<\/a><\/li>\n<li>A data-model to deal with multiple scaled networks : <a href=\"http:\/\/pagesperso.litislab.fr\/mmainguenaud\/bibliographie-fr-en\/#CEUS1992\" target=\"_blank\">Mainguenaud &#8211; Simatic &#8211; Computers, Environment and Urban Systems &#8211; Elsevier<\/a><\/li>\n<li>Constraint-based Queries in a Geographical Database for Network Facilities : <a href=\"http:\/\/pagesperso.litislab.fr\/mmainguenaud\/bibliographie-fr-en\/#CEUS1996\" target=\"_blank\">Mainguenaud &#8211; Computers, Environment and Urban Systems &#8211; Elsevier<\/a><\/li>\n<\/ul>\n<p>&nbsp;<\/p>\n<p>&nbsp;<\/p>\n<h3><a id=\"Modele\"><\/a>Mod\u00e8les de donn\u00e9es<\/h3>\n<div class=\"page\" title=\"Page 1\">\n<div class=\"layoutArea\">\n<div class=\"column\">\n<p class=\"svTitle\">L&rsquo;\u00e9tude des mod\u00e8les de donn\u00e9es porte surtout sur la gestion de la composante s\u00e9mantique de l&rsquo;application d&rsquo;op\u00e9rateurs spatiaux (quel est le mod\u00e8le de donn\u00e9es associ\u00e9 au r\u00e9sultat d&rsquo;un op\u00e9rateur de\u00a0 manipulation de donn\u00e9es ?). Voici quelques liens sur les publications sur ce th\u00e8me :<\/p>\n<ul>\n<li class=\"svTitle\">Consistency of spatial database query results : <a href=\"http:\/\/pagesperso.litislab.fr\/mmainguenaud\/bibliographie-fr-en\/#CEUS1994\" target=\"_blank\">Mainguenaud &#8211; Computers, Environment and Urban Systems &#8211; Elsevier<\/a><\/li>\n<li class=\"svTitle\">A Revisited Database Projection Operator for Network Facilities in a GIS : <a href=\"http:\/\/www.informatica.si\/index.php\/informatica\/issue\/viewIssue\/91\/78\" target=\"_blank\">Claramunt, Mainguenaud &#8211; Informatica, Slovenia<\/a><\/li>\n<li class=\"svTitle\">\n<div class=\"page\" title=\"Page 17\">\n<div class=\"layoutArea\">\n<div class=\"column\">Mode\u0300le pour un serveur de donne\u0301es ge\u0301ographiques. Application: Services Web ge\u0301ographiques WMS et WFS : Souissi &#8211; Mainguenaud &#8211; Revue Internationale de G\u00e9omatique, Herm\u00e8s et en anglais chez <a href=\"http:\/\/pagesperso.litislab.fr\/mmainguenaud\/bibliographie-fr-en\/#CRC2014\" target=\"_blank\">CRC-Press<\/a><\/div>\n<\/div>\n<\/div>\n<\/li>\n<li class=\"svTitle\">\n<div class=\"page\" title=\"Page 16\">\n<div class=\"layoutArea\">\n<div class=\"page\" title=\"Page 17\">\n<div class=\"layoutArea\">\n<div class=\"column\">\n<div class=\"page\" title=\"Page 16\">\n<div class=\"layoutArea\">\n<div class=\"column\">Dynamic multi-granularity semantic representations of navigation facility services : <a href=\"http:\/\/www.inderscience.com\/info\/ingeneral\/forthcoming.php?jcode=ijstmis\" target=\"_blank\">Del Mondo &#8211; Mainguenaud &#8211; Int. Jour. of Spatial, Temporal and Multimedia Information Systems, Inderscience<\/a><\/div>\n<\/div>\n<\/div>\n<\/div>\n<\/div>\n<\/div>\n<p>&nbsp;<\/p>\n<\/div>\n<\/div>\n<\/li>\n<\/ul>\n<\/div>\n<\/div>\n<\/div>\n<p>&nbsp;<\/p>\n<p>&nbsp;<\/p>\n<p><a href=\"http:\/\/pagesperso.litislab.fr\/mmainguenaud\/\">Retour \u00e0 l&rsquo;accueil<\/a><\/p>\n<p>&nbsp;<\/p>\n<p>Derni\u00e8re mise \u00e0 jour (AAAA-MM-JJ): 2016-02-26<\/p>\n","protected":false},"excerpt":{"rendered":"<p>Mot-cl\u00e9s : Syst\u00e8mes d&rsquo;Information G\u00e9ographique Bases de donn\u00e9es multi-m\u00e9dia Langage d&rsquo;interrogation Mod\u00e8le de donn\u00e9es &nbsp; Ces quelques lignes ont pour objectif de vous pr\u00e9senter quelques activit\u00e9s de recherche men\u00e9es au cours de ces derni\u00e8res ann\u00e9es. Une bibliographie compl\u00e8te est disponible &hellip;<\/p>\n<p class=\"read-more\"> <a class=\"more-link\" href=\"https:\/\/pagesperso.litislab.fr\/mmainguenaud\/recherche-fr\/\"> <span class=\"screen-reader-text\">Recherche<\/span> Read More &raquo;<\/a><\/p>\n","protected":false},"author":21,"featured_media":0,"parent":0,"menu_order":7,"comment_status":"closed","ping_status":"closed","template":"","meta":{"_acf_changed":false,"_exactmetrics_skip_tracking":false,"_exactmetrics_sitenote_active":false,"_exactmetrics_sitenote_note":"","_exactmetrics_sitenote_category":0,"footnotes":""},"class_list":["post-33","page","type-page","status-publish","hentry"],"acf":[],"_links":{"self":[{"href":"https:\/\/pagesperso.litislab.fr\/mmainguenaud\/wp-json\/wp\/v2\/pages\/33","targetHints":{"allow":["GET"]}}],"collection":[{"href":"https:\/\/pagesperso.litislab.fr\/mmainguenaud\/wp-json\/wp\/v2\/pages"}],"about":[{"href":"https:\/\/pagesperso.litislab.fr\/mmainguenaud\/wp-json\/wp\/v2\/types\/page"}],"author":[{"embeddable":true,"href":"https:\/\/pagesperso.litislab.fr\/mmainguenaud\/wp-json\/wp\/v2\/users\/21"}],"replies":[{"embeddable":true,"href":"https:\/\/pagesperso.litislab.fr\/mmainguenaud\/wp-json\/wp\/v2\/comments?post=33"}],"version-history":[{"count":35,"href":"https:\/\/pagesperso.litislab.fr\/mmainguenaud\/wp-json\/wp\/v2\/pages\/33\/revisions"}],"predecessor-version":[{"id":336,"href":"https:\/\/pagesperso.litislab.fr\/mmainguenaud\/wp-json\/wp\/v2\/pages\/33\/revisions\/336"}],"wp:attachment":[{"href":"https:\/\/pagesperso.litislab.fr\/mmainguenaud\/wp-json\/wp\/v2\/media?parent=33"}],"curies":[{"name":"wp","href":"https:\/\/api.w.org\/{rel}","templated":true}]}}