{"id":12,"date":"2015-09-18T15:41:26","date_gmt":"2015-09-18T14:41:26","guid":{"rendered":"http:\/\/pagesperso.litislab.fr\/nchaignaud\/?page_id=12"},"modified":"2019-04-26T20:01:34","modified_gmt":"2019-04-26T19:01:34","slug":"publications","status":"publish","type":"page","link":"https:\/\/pagesperso.litislab.fr\/nchaignaud\/publications\/","title":{"rendered":"Publications"},"content":{"rendered":"<p><strong>Since 2010<\/strong><\/p>\n<div class=\"data\">\n<ul>\n<li>Louvet J-B., Dubuisson Duplessis G., <span class=\"this-person\">Chaignaud N.<\/span>, Vercouter L., Kotowicz J-Ph., <span class=\"title\">\u00ab\u00a0Modeling a collaborative task with social commitments \u00bb.\u00a0<\/span>International Conference on Knowledge-Based and Intelligent Information and Engineering Systems (KES), LNCS Springer Verlag, 2017, 377-386<\/li>\n<li>Dubuisson Duplessis G., Pauchet, A, Chaignaud N., Kotowicz J-Ph., \u00ab\u00a0A Conventional Dialogue Model Based on Dialogue Patterns \u00bb, International Journal on Artificial Intelligence Tools (IJAIT), Vol 26, N\u00b01, 2017, 1&#8211;23<\/li>\n<li>Louvet J-B.,\u00a0 Dubuisson Duplessis G.,\u00a0 Chaignaud N., Kotowicz J-Ph.,\u00a0 Vercouter L, \u00ab\u00a0Recherche collaborative de documents : comparaison assistance humaine\/automatique \u00bb, Ing\u00e9nierie des connaissances (IC), 2016, 161-166<\/li>\n<li>Dubuisson Duplessis G., Pauchet, A, Chaignaud N., Kotowicz J-Ph., \u00ab\u00a0A Conventional Dialogue Model Based on Empirically Specified Dialogue Games \u00bb, International Conference on Tools with Artificial Intelligence (ICTAI), 2015, 997-1004<\/li>\n<li>Bondu E., Chaignaud N., Kotowicz J-Ph., Abdulrab H., \u00ab\u00a0A Support System for the Capitalization and the Exploitation of Expert Knowledge\u00a0\u00bb, International Conference on Tools with Artificial Intelligence (ICTAI), 2014, 217-224<\/li>\n<li>Abi Chahine C., Chaignaud N., Kotowicz J-Ph., Pecuchet J-P., \u00ab\u00a0A Wikipedia-based approach to conceptual indexing and retrieval of documents \u00bb, <em>International Journal of Knowledge and Learning<\/em> (IJKL) , Vol. 9, No. 1\/2, 2014, 87-103<\/li>\n<li>Dubuisson Duplessis G., Chaignaud N., Kotowicz, J.-P., Pauchet, A., P\u00e9cuchet, J.-P., \u00ab\u00a0Empirical Specification of Dialogue Games for an Interactive Agent\u00a0\u00bb, International Conference on Practical Applications of Agents and Multi-Agent Systems (PAAMS), LNAI Springer Verlag, 2013, 49-60<\/li>\n<li>Dubuisson Duplessis, G., Chaignaud, N., Kotowicz, J.-P., Pauchet, A., P\u00e9cuchet, J.-P.,\u00a0 \u00ab\u00a0Sp\u00e9cification empirique de jeux de dialogue pour un agent interactif\u00a0\u00bb, Journ\u00e9es Mod\u00e8les Formels d\u2019Interaction (MFI), Lille, 2013<\/li>\n<li>Loisel A., Dubuisson Duplessis G., Chaignaud N., Kotowicz J-Ph. et Pauchet A., \u00ab\u00a0A conversational agent for information retrieval based on a study of human dialogues\u00a0\u00bb, International Conference on Agent and Artificial Intelligence (ICAART), Vilamoura (Portugal), 2012, 312-317<\/li>\n<li>Abi Chahine C., Chaignaud N., Kotowicz J-Ph., P\u00e9cuchet J-P., \u00ab\u00a0Conceptual Indexing of Documents Using Wikipedia\u00a0\u00bb, IEEE\/WIC\/ACM International Conference on Web Intelligence (WI), IEEE publisher, Lyon (France), 2011, 195-202<\/li>\n<li>Baudouin N., Beust P., Chaignaud N., Dionisi D., Ferrari S., Holzem M., Jacquet D., Kotowicz J-Ph., Labiche J., Mauger S., Maurel F., Trupin E., Saidali Y., \u00ab\u00a0Les interactions homme-machine : la trace en perspective\u00a0\u00bb, L\u2019homme trace, CNRS Alpha, B. Galinon-M\u00e9l\u00e9nec \u00e9d., 2011, 87-103<\/li>\n<li>Abi Chahine C., Chaignaud N., Kotowicz J-Ph., P\u00e9cuchet J-P., \u00ab\u00a0Document indexing and retrieval using Wikipedia\u00a0\u00bb, SITIS IEEE International Worshop on Knowledge Acquisition, Reuse and Evaluation (KARE), IEEE publisher, Dijon (France), 2011, 141-146<\/li>\n<li>Bondu E., Chaignaud N., Kotowicz J-Ph., Abdulrab H., Brunessaux S., \u00ab\u00a0Scenario model for weak signal detection\u00a0\u00bb, SITIS IEEE International Worshop on Knowledge Acquisition, Reuse and Evaluation (KARE), IEEE publisher, Dijon (France), 2011, 154-158<\/li>\n<li>Loisel A., Dubuisson Duplessis G., Chaignaud N., Kotowicz JPh.,\u00a0\u00ab\u00a0Un syst\u00e8me de dialogue fond\u00e9 sur l\u2019\u00e9tude d\u2019interactions humaines\u00a0\u00bb, Journ\u00e9es Mod\u00e8les Formels d\u2019Interaction (MFI), Rouen, 2011<\/li>\n<li>Pauchet A., Chaignaud N., El Fallah Seghrouchni A., \u00ab\u00a0\u00c9tude des interactions humaines dans un cadre de planification multiagent\u00a0\u00bb, <em>Revue d\u2019Intelligence Artificielle (RIA)<\/em>, Herm\u00e8s\/Lavoisier, J-C Pomerol \u00e9d., vol 24 n\u00b01, 2010, 67-96<\/li>\n<li>Chaignaud N., Delavigne V., Holzem M., Kotowicz J-Ph., Loisel A., \u00ab\u00a0\u00c9tude cognitive des processus de construction d\u2019une requ\u00eate dans un syst\u00e8me de gestion de connaissances m\u00e9dicales\u00a0\u00bb, <em>Revue Technique et Science Informatiques (TSI)<\/em>, Herm\u00e8s\/Lavoisier, N. Balacheff et C. Garbay \u00e9d., vol 29, 2010, 991-1021<\/li>\n<li>Bondu E., Brunessaux S., Abdulrab H., Chaignaud N., Kotowicz J-Ph. \u00ab\u00a0Plateforme et ontologie de sc\u00e9narios pour l\u2019aide \u00e0 la veille strat\u00e9gique en source ouverte\u00a0\u00bb. Veille Strat\u00e9gique Scientifique et Technologique (VSST), 2010<\/li>\n<\/ul>\n<\/div>\n<nav class=\"publ\"><\/nav>\n<p><strong>Before 2010<\/strong><\/p>\n<ul>\n<li>Lortal G., Chaignaud N., Kotowicz J-Ph., P\u00e9cuchet J-P.,\u00a0\u00ab\u00a0NLP Contribution to the Semantic Web: Linking the Term to the Concept\u00a0\u00bb, International Conference on Knowledge-Based and Intelligent Information and Engineering Systems (KES), LNCS Springer Verlag, Santiago (Chili), 2009, 309-317<\/li>\n<li>Abi Chahine C., Kotowicz J-Ph., Chaignaud N., P\u00e9cuchet J-P., \u00ab\u00a0Conception d&rsquo;un outil d&rsquo;aide \u00e0 l&rsquo;indexation de ressources p\u00e9dagogiques &#8211; Extraction automatique des th\u00e9matiques et des mots-clefs de documents UNIT\u00a0\u00bb, Conf\u00e9rence Environnements Informatiques pour l\u2019Apprentissage Humain (EIAH), Le Mans, 2009, 125-132<\/li>\n<li>Loisel A., Kotowicz J-Ph., Chaignaud N. \u00ab\u00a0An Issue-Based Approach to Information Search Modelling: Analysis of a Human Dialog Corpus\u00a0\u00bb. Conference on Text, Speech and Dialogue (TSD), LNCS Springer Verlag, Plzen (R\u00e9publique Tch\u00e8que), 2008, 609-616<\/li>\n<li>Loisel A, Chaignaud N., Kotowicz J-Ph., \u00ab\u00a0Modeling human interaction to design a human-computer dialog system \u00bb, International Conference on Enterprise Information Systems (ICEIS), 2008, 227-232<\/li>\n<li>Floch C., Chaignaud N., Pauchet A., \u00ab Cognitive Modeling of interactions during a negotiation process \u00bb, International Conference on Enterprise Information Systems (ICEIS), 2008, 221-226<\/li>\n<li>Abi Chahine C., Chaignaud N., Kotowicz J-Ph., P\u00e9cuchet J-P., \u00ab\u00a0Context and Keyword Extraction in Plain Text Using a Graph Representation\u00a0\u00bb, SITIS IEEE International Workshop on Knowledge Acquisition, Reuse and Evaluation (KARE), IEEE publisher, Bali (Indon\u00e9sie), 2008, 692-696<\/li>\n<li>Loisel A., Kotowicz J-Ph., Chaignaud N., \u00ab\u00a0Une approche question\u2011r\u00e9ponse pour mod\u00e9liser la recherche d\u2019information\u00a0\u00bb, Conf\u00e9rence Internationale sur le Document Num\u00e9rique (CIDE), Rouen, 2008, 124-136<\/li>\n<li>Alain Loisel, Nathalie Chaignaud, Jean-Philippe Kotowicz: Designing a Human-Computer Dialog System for Medical Information Search. Workshop CHAA, IEEE WI\/IAT, 2007, 350-353<\/li>\n<li>Pauchet A., Chaignaud N., El Fallah-Seghrouchni A., \u00ab\u00a0A Computational Model of Human Interaction and Planning for Heterogeneous Multi-Agent Systems \u00bb, Autonomous Agent and Multi-Agent Systems, (AAMAS), ACL publisher, Honolulu (Hawai), 2007, 391-393<\/li>\n<li>Pauchet A., El Fallah Seghrouchni A., Chaignaud N., \u00ab\u00a0Simulating a Human Cooperative Problem Solving\u00a0\u00bb, International Central and Eastern European Conference on Multi-Agent Systems (CEEMAS), LNAI Springer Verlag, France, 2007 \u2013 225-235<\/li>\n<li>Pauchet A., Chaignaud N., El Fallah-Seghrouchni A., \u00ab\u00a0A Cognitive Architecture of Human Planning and Interaction\u00a0\u00bb, European Conference on Cognitive Science, (EuroCogSci), Delphe (Gr\u00e8ce) 2007<\/li>\n<li>Pauchet A., Chaignaud N., El Fallah-Seghrouchni A., \u00ab\u00a0A Cognitive Model of Interaction for Software Agents\u00a0\u00bb, International Conference on Intelligent Agent Technology, (IAT), IEEE publisher, Compi\u00e8gne (France), 2005, 281-284<\/li>\n<li>Pauchet A., Chaignaud N., El Fallah-Seghrouchni A., \u00ab\u00a0Un Mod\u00e8le Cognitif de l&rsquo;Interaction pour Agents Logiciels\u00a0\u00bb, Journ\u00e9es Mod\u00e8les Formels de l&rsquo;Interaction (MFI), Caen (France), 2005, 183-192<\/li>\n<li>Loisel A., Chaignaud N., Kotowicz JPh., \u00ab\u00a0Un agent conversationnel pour l\u2019am\u00e9lioration de requ\u00eates dans le cadre d\u2019une recherche documentaire\u00a0\u00bb, Workshop sur les Agents Conversationnels Anim\u00e9s, WACA, Grenoble (France), 2005,149-150<\/li>\n<li>Morisset S., Chaignaud N., P\u00e9cuchet JP., \u00ab\u00a0A MAS design methodology for training applications\u00a0\u00bb, <em>6th International Symposium on Symbolic and Numeric Algorithms for Scientific Computing<\/em>, Timisoara (Romania), 2004, 347-358<\/li>\n<li>Morisset S., Chaignaud N., P\u00e9cuchet JP., \u00ab\u00a0M\u00e9thodologie de conception de syst\u00e8mes multi-agents pour les applications d\u2019entra\u00eenement\u00a0\u00bb, Colloque Agents Logiciels &#8211; Coop\u00e9ration &#8211; Apprentissage &#8211; Activit\u00e9 humaine, ALCAA, Montpellier (France), 2004, 81-94<\/li>\n<li>Pauchet A., Chaignaud N., El Fallah-Seghrouchni A., \u00ab\u00a0BDIGGY\u00a0: a Cognitive Architecture for Cooperative Problem Solving\u00a0\u00bb, International Conference on Intelligent Agent Technology (IAT), IEEE publisher, Halifax (Canada), 2003, 523-526<\/li>\n<li>Pauchet A., Chaignaud N., El Fallah-Seghrouchni A., \u00ab\u00a0Modelling Planning and Interaction in the Framework of Human Cooperative Problem Solving \u00bb, AAMAS Workshop on Human and Multi-Agent Systems, Melbourne (Australia), 2003, 31-38<\/li>\n<li>Pauchet A., Chaignaud N., El Fallah-Seghrouchni A., \u00ab\u00a0R\u00e9solution coop\u00e9rative de probl\u00e8mes int\u00e9grant planification et interaction\u00a0\u00bb, Journ\u00e9es Francophones sur les Syst\u00e8mes Multi-agents (JFSMA), Hammamet (Tunisie), 2003, 309-313<\/li>\n<li>Chaignaud N., El Fallah-Seghrouchni A., \u00ab\u00a0Apport de la mod\u00e9lisation cognitive aux langages de communication entre agents, et interaction\u00a0\u00bb, Journ\u00e9es Francophones sur les Syst\u00e8mes Multi-agents (JFSMA), Montr\u00e9al, (Canada), 2001, 239-251<\/li>\n<li>Chaignaud N. et L\u00e9vy F, \u00ab\u00a0Planification et r\u00e9vision\u00a0\u00bb, <em>Psychologie de l\u2019Interaction, <\/em>num\u00e9ro sp\u00e9cial \u00ab\u00a0R\u00e9vision, cognition et interaction \u00bb, n\u00b0 11\/12, P. Marquis et C. Brassac, L\u2019Harmattan, 2000, 61-99<\/li>\n<li>Chaignaud N., Cheikhrouhou I. et Nguyen-Xuan A., \u00ab\u00a0Generalization of a Cognitive Model for Problem Solving with Incomplete Information \u00bb, International Conference on Cognitive Modelling (ICCM), Groningen (Pays-Bas), 2000, 58-69<\/li>\n<li>Chaignaud N., Nguyen-Xuan A., \u00ab\u00a0Problem solving with incomplete information: experimental study and computer simulation\u00a0\u00bb, European Conference on Cognitive Modelling (ECCM), Nottingham (Royaume-Uni), 1998, 159-166<\/li>\n<li>Chaignaud N., El Fallah-Seghrouchni A., \u00ab\u00a0Towards multi-agent systems design: an experimental study of human interaction\u00a0\u00bb, International Conference on Intelligent Systems (ICIS), Melun (France), 1998, 195-198<\/li>\n<li>Chaignaud N., L\u00e9vy F., \u00ab\u00a0Common sense reasoning: experiments and impl\u00e9mentation\u00a0\u00bb, European Conference on Artificial Intelligence (ECAI), Budapest (Hongrie), 1996, 604-608<\/li>\n<li>Chaignaud N., L\u00e9vy F., \u00ab\u00a0An implementation for human problem-solving methods\u00a0\u00bb, AAAI Workshop \u00ab\u00a0Computational Cognitive Modeling: Source of the Power\u00a0\u00bb, Portland (Etats-Unis), 1996, 74-79.<\/li>\n<li>Chaignaud N., \u00ab\u00a0Un nouveau mod\u00e8le cognitif pour la r\u00e9solution de probl\u00e8me\u00a0\u00bb, Reconnaissance des Formes et Intelligence Artificielle (RFIA), vol. 2, Rennes, 1996, 1107-1114<\/li>\n<li>Chaignaud N., \u00ab\u00a0A cognitive model of problem solving with incomplete information\u00a0\u00bb, Conf\u00e9rence Portugaise en Intelligence Artificielle (EPIA), LNAI Springer Verlag, Funchal (Portugal), 1995, 441-445<\/li>\n<\/ul>\n","protected":false},"excerpt":{"rendered":"<p>Since 2010 Louvet J-B., Dubuisson Duplessis G., Chaignaud N., Vercouter L., Kotowicz J-Ph., \u00ab\u00a0Modeling a collaborative task with social commitments \u00bb.\u00a0International Conference on Knowledge-Based and Intelligent Information and Engineering Systems (KES), LNCS Springer Verlag, 2017, 377-386 Dubuisson Duplessis G., Pauchet, A, Chaignaud N., Kotowicz J-Ph., \u00ab\u00a0A Conventional Dialogue Model Based on Dialogue Patterns \u00bb, International &hellip; <a href=\"https:\/\/pagesperso.litislab.fr\/nchaignaud\/publications\/\" class=\"more-link\">Continuer la lecture de <span class=\"screen-reader-text\">Publications<\/span><\/a><\/p>\n","protected":false},"author":1,"featured_media":0,"parent":0,"menu_order":10,"comment_status":"closed","ping_status":"closed","template":"","meta":{"_acf_changed":false,"_exactmetrics_skip_tracking":false,"_exactmetrics_sitenote_active":false,"_exactmetrics_sitenote_note":"","_exactmetrics_sitenote_category":0,"footnotes":""},"class_list":["post-12","page","type-page","status-publish","hentry"],"acf":[],"_links":{"self":[{"href":"https:\/\/pagesperso.litislab.fr\/nchaignaud\/wp-json\/wp\/v2\/pages\/12","targetHints":{"allow":["GET"]}}],"collection":[{"href":"https:\/\/pagesperso.litislab.fr\/nchaignaud\/wp-json\/wp\/v2\/pages"}],"about":[{"href":"https:\/\/pagesperso.litislab.fr\/nchaignaud\/wp-json\/wp\/v2\/types\/page"}],"author":[{"embeddable":true,"href":"https:\/\/pagesperso.litislab.fr\/nchaignaud\/wp-json\/wp\/v2\/users\/1"}],"replies":[{"embeddable":true,"href":"https:\/\/pagesperso.litislab.fr\/nchaignaud\/wp-json\/wp\/v2\/comments?post=12"}],"version-history":[{"count":26,"href":"https:\/\/pagesperso.litislab.fr\/nchaignaud\/wp-json\/wp\/v2\/pages\/12\/revisions"}],"predecessor-version":[{"id":89,"href":"https:\/\/pagesperso.litislab.fr\/nchaignaud\/wp-json\/wp\/v2\/pages\/12\/revisions\/89"}],"wp:attachment":[{"href":"https:\/\/pagesperso.litislab.fr\/nchaignaud\/wp-json\/wp\/v2\/media?parent=12"}],"curies":[{"name":"wp","href":"https:\/\/api.w.org\/{rel}","templated":true}]}}