{"id":14,"date":"2016-01-29T15:13:30","date_gmt":"2016-01-29T14:13:30","guid":{"rendered":"http:\/\/pagesperso.litislab.fr\/pvasseur\/?page_id=14"},"modified":"2020-11-27T17:56:31","modified_gmt":"2020-11-27T16:56:31","slug":"accueil","status":"publish","type":"page","link":"https:\/\/pagesperso.litislab.fr\/pvasseur\/","title":{"rendered":""},"content":{"rendered":"<p><img loading=\"lazy\" decoding=\"async\" class=\"wp-image-5\" src=\"http:\/\/pagesperso.litislab.fr\/pvasseur\/wp-content\/uploads\/sites\/13\/2016\/01\/Portrait-259x300.jpg\" alt=\"Portrait\" width=\"181\" height=\"210\" srcset=\"https:\/\/pagesperso.litislab.fr\/pvasseur\/wp-content\/uploads\/sites\/13\/2016\/01\/Portrait-259x300.jpg 259w, https:\/\/pagesperso.litislab.fr\/pvasseur\/wp-content\/uploads\/sites\/13\/2016\/01\/Portrait.jpg 550w\" sizes=\"auto, (max-width: 181px) 100vw, 181px\" \/><\/p>\n<ul>\n<li>Professeur \u00e0 l&rsquo;UFR des Sciences \/ D\u00e9partement Informatique de l&rsquo;Universit\u00e9 de Picardie Jules Verne \u00e0 Amiens.<\/li>\n<li>Membre du laboratoire <a href=\"http:\/\/www.litislab.fr\/\" target=\"_blank\" rel=\"noopener\">MIS<\/a> (Mod\u00e9lisation, Information et Syst\u00e8mes) et membre associ\u00e9 du LITIS (\u00e9quipe STI)<\/li>\n<li>Responsable de l&rsquo;\u00e9quipe STI (Syst\u00e8mes de Transport Intelligent) de 2010 \u00e0 2019<\/li>\n<\/ul>\n","protected":false},"excerpt":{"rendered":"<p>Professeur \u00e0 l&rsquo;UFR des Sciences \/ D\u00e9partement Informatique de l&rsquo;Universit\u00e9 de Picardie Jules Verne \u00e0 Amiens. Membre du laboratoire MIS (Mod\u00e9lisation, Information et Syst\u00e8mes) et membre associ\u00e9 du LITIS (\u00e9quipe STI) Responsable de l&rsquo;\u00e9quipe STI (Syst\u00e8mes de Transport Intelligent) de 2010 \u00e0 2019<\/p>\n","protected":false},"author":16,"featured_media":0,"parent":0,"menu_order":0,"comment_status":"closed","ping_status":"closed","template":"","meta":{"_acf_changed":false,"_exactmetrics_skip_tracking":false,"_exactmetrics_sitenote_active":false,"_exactmetrics_sitenote_note":"","_exactmetrics_sitenote_category":0,"footnotes":""},"class_list":["post-14","page","type-page","status-publish","hentry"],"acf":[],"_links":{"self":[{"href":"https:\/\/pagesperso.litislab.fr\/pvasseur\/wp-json\/wp\/v2\/pages\/14","targetHints":{"allow":["GET"]}}],"collection":[{"href":"https:\/\/pagesperso.litislab.fr\/pvasseur\/wp-json\/wp\/v2\/pages"}],"about":[{"href":"https:\/\/pagesperso.litislab.fr\/pvasseur\/wp-json\/wp\/v2\/types\/page"}],"author":[{"embeddable":true,"href":"https:\/\/pagesperso.litislab.fr\/pvasseur\/wp-json\/wp\/v2\/users\/16"}],"replies":[{"embeddable":true,"href":"https:\/\/pagesperso.litislab.fr\/pvasseur\/wp-json\/wp\/v2\/comments?post=14"}],"version-history":[{"count":13,"href":"https:\/\/pagesperso.litislab.fr\/pvasseur\/wp-json\/wp\/v2\/pages\/14\/revisions"}],"predecessor-version":[{"id":69,"href":"https:\/\/pagesperso.litislab.fr\/pvasseur\/wp-json\/wp\/v2\/pages\/14\/revisions\/69"}],"wp:attachment":[{"href":"https:\/\/pagesperso.litislab.fr\/pvasseur\/wp-json\/wp\/v2\/media?parent=14"}],"curies":[{"name":"wp","href":"https:\/\/api.w.org\/{rel}","templated":true}]}}