{"id":47,"date":"2016-01-29T17:03:16","date_gmt":"2016-01-29T16:03:16","guid":{"rendered":"http:\/\/pagesperso.litislab.fr\/pvasseur\/?page_id=47"},"modified":"2016-01-29T18:34:55","modified_gmt":"2016-01-29T17:34:55","slug":"encadrements","status":"publish","type":"page","link":"https:\/\/pagesperso.litislab.fr\/pvasseur\/encadrements\/","title":{"rendered":"Encadrements"},"content":{"rendered":"<div>\n<ul>\n<li><span style=\"font-size: medium\"><b>Th\u00e8ses en cours<\/b><\/span><\/li>\n<\/ul>\n<ol>\n<li>Hamza Tarhouni : Doctorant Universit\u00e9 de Rouen (Allocation \u00e9tablissement), \u00ab\u00a0Mod\u00e9lisation spatio-temporelle du trafic routier pour la caract\u00e9risation de comportements\u00a0\u00bb, co-encadr\u00e9 avec G\u00e9raldine Del Mondo (MdC LITIS INSA Rouen) et Yohan Dupuis (Chef de Projet CEREMA) depuis Octobre 2015.<\/li>\n<li>Ren\u00e9-Emmanuel Datondji : Doctorant Universit\u00e9 de Rouen (Co-financement R\u00e9gion Haute Normandie &#8211; CEREMA), \u00ab\u00a0Reconstruction des trajectoires de v\u00e9hicules par r\u00e9seau de cam\u00e9ras en intersection\u00a0\u00bb, co-encadr\u00e9 avec Yohan Dupuis (Chef de Projet CEREMA) et Peggy Subbirats (Chef de projet CEREMA) depuis Octobre 2014.<\/li>\n<li>Fabien Bonardi :\u00a0Doctorant Universit\u00e9 de Rouen (Bourse R\u00e9gion Haute Normandie), \u00ab\u00a0Vision multi-modale pour la navigation autonome d&rsquo;un robot en milieu urbain\u00a0\u00bb, co-encadr\u00e9 avec Xavier Savatier (Enseignant chercheur IRSEEM) et Samia Ainouz (MCF, INSA de Rouen) depuis Octobre 2013.<\/li>\n<li>Pierre Merriaux :\u00a0Doctorant IRSEEM (Salari\u00e9 Ing\u00e9nieur de Recherche), \u00ab\u00a0Cartographie multi-capteurs pour le v\u00e9hicule\u00a0\u00bb, co-encadr\u00e9 avec Xavier Savatier (Enseignant chercheur IRSEEM) depuis Novembre 2013.<\/li>\n<\/ol>\n<\/div>\n<div><\/div>\n<div>\n<ul>\n<li><span style=\"font-size: medium\"><b>Th\u00e8ses soutenues<\/b><\/span><\/li>\n<\/ul>\n<\/div>\n<div>\n<div>\n<ol>\n<li>Rawia Mhiri : \u00ab\u00a0Approche 2D\/2D pour le SFM \u00e0 partir d&rsquo;un r\u00e9seau de cam\u00e9ras asynchrones\u00a0\u00bb. Th\u00e8se de Normandie Universit\u00e9 &#8211; INSA de Rouen soutenue le 14 D\u00e9cembre 2015. Co-encadrement avec Abdelaziz Bensrhair (PU, INSA de Rouen), St\u00e9phane Mousset (MCF, Universit\u00e9 de Rouen) et R\u00e9mi Boutteau (Enseignant Chercheur IRSEEM). Jury : Didier Aubert (DR IFSTTAR), Samia Bouchafa (PU IBISC Evry), David Fofi (PU Le2i Le Creusot).<\/li>\n<li>Danda Pani Paudel : \u00ab\u00a0Local and global methods for registering 2S image sets and 3D point clouds\u00a0\u00bb, Th\u00e8se de l&rsquo;Universit\u00e9 de Bourgogne soutenue le 10 D\u00e9cembre 2015. Co-encadrement avec C\u00e9dric Demonceaux (PU, Le2i Universit\u00e9 de Bourgogne) et Adlane Habed (MCF, Universit\u00e9 de Strasbourg).\u00a0Jury : Adrien Bartoli (PU ISIT Universit\u00e9 d&rsquo;Auvergne), Peter Sturm (DR INRIA), Andrea Fusiello (PU Universit\u00e9 d&rsquo;Udine Italie),\u00a0David Fofi (PU Le2i Le Creusot).<\/li>\n<li>Ashutosh Natraj :\u00a0\u00ab\u00a0Estimation d&rsquo;\u00e9tat bas\u00e9e vision pour les robots a\u00e9riens en conditions d\u00e9grad\u00e9es de luminosit\u00e9\u00a0\u00bb. Th\u00e8se de l&rsquo;Universit\u00e9 de Picardie Jules Verne (bourse R\u00e9gion Picardie) soutenue le 17 D\u00e9cembre 2012. Co-encadrement avec C\u00e9dric Demonceaux (PU, Le2i Universit\u00e9 de Bourgogne) et Peter Sturm (DR, INRIA Rh\u00f4ne Alpes).\u00a0Jury :\u00a0David Fofi (PU Le2i Le Creusot), Vincent Fr\u00e9mont (MdC HDR Heudiasyc UTC), Claude P\u00e9gard (PU MIS UPJV), El Mustapha Mouaddib (PU MIS UPJV).<\/li>\n<li>Yohan Dupuis :\u00a0\u00ab\u00a0El\u00e9ments de vision omnidirectionnelle pour la biom\u00e9trie \u00e0 distance\u00a0\u00bb. Th\u00e8se de l&rsquo;Universit\u00e9 de Rouen (financement IRSEEM) soutenue le 13 D\u00e9cembre 2012. Co-encadrement avec Jean-Yves Ertaud (Enseignant chercheur IRSEEM) et Xavier Savatier (Enseignant chercheur IRSEEM).\u00a0Actuellement, chef de projet au CEREMA (anciennement CETE-NC). Jury : Mohamed Daoudi (PU Cristal Lille), Alain Rakotomamonjy (PU LITIS Rouen), Olivier Strauss (MdC HDR LIRMM Montpellier).<\/li>\n<li>Saleh Mosaddegh :\u00a0\u00ab\u00a0Two View Line-Based Matching, Motion Estimation and Reconstruction for Central Imaging Systems\u00a0\u00bb. Th\u00e8se de l&rsquo;Universit\u00e9 de Bourgogne (bourse r\u00e9gion Bourgogne) soutenue le 17 Octobre 2011. Co-encadrement avec David Fofi (PU, Le2i Universit\u00e9 de Bourgogne).\u00a0Jury : Yvan Petillot (PU Heriot Watt UK), Luce Morin (PU IETR INSA Rennes), Simon Lacroix (DR LAAS), Fr\u00e9d\u00e9ric Truchetet (PU Le2i Le Creusot).<\/li>\n<li>Damien Eynard :\u00a0\u00ab\u00a0Capteur de st\u00e9r\u00e9ovision hybride pour la navigation des drones\u00a0\u00bb. Th\u00e8se de l&rsquo;Universit\u00e9 de Picardie Jules Verne (bourse R\u00e9gion Picardie) soutenue le 7 Novembre 2011. Co-encadrement avec C\u00e9dric Demonceaux (PU, Le2i Universit\u00e9 de Bourgogne) et Vincent Fr\u00e9mont (MCF-HDR, Heudiasyc UTC).\u00a0Jury : Simon Lacroix (DR LAAS), Patrick Fabiani (DR ONERA), Tarek Hamel (PU I3S Nice), Claude P\u00e9gard (PU MIS UPJV)<\/li>\n<li>Jean Charles Bazin :\u00a0\u00ab\u00a0Catadioptric vision for robotic applications\u00a0\u00bb. Th\u00e8se du KAIST (Korea Advanced Institute of Science and Technology, Cor\u00e9e du Sud, Financement KAIST) soutenue le 22 Juillet 2010. Co-encadrement avec In So Kweon (Professeur, RCV Lab &#8211; KAIST).\u00a0Jury :<\/li>\n<li>Khaled Ka\u00e2niche :\u00a0\u00ab\u00a0Analyse de sc\u00e8nes a\u00e9riennes pour le diagnostic du trafic routier et autoroutier \u00ab\u00a0. Th\u00e8se de l&rsquo;Universit\u00e9 de Picardie Jules Verne (bourse R\u00e9gion Picardie) soutenue le 28 Septembre 2005. Co-encadrement avec Claude P\u00e9gard (PU, MIS UPJV).\u00a0Jury : Patrick Rives (DR INRIA), Fr\u00e9d\u00e9ric Truchetet (PU Le2i Le Creusot), Jean Devars (PU ISIR Paris 6), Rogelio Lozano (DR Heudiasyc UTC).<\/li>\n<li>Arnaud Dupuis :\u00a0\u00ab\u00a0Int\u00e9gration et pond\u00e9ration d&rsquo;indices visuels: Application \u00e0 la segmentation, au groupement et \u00e0 la \u00a0recherche d&rsquo;images\u00a0\u00bb, Th\u00e8se de l&rsquo;Universit\u00e9 de Technologie de Compi\u00e8gne (bourse minist\u00e9rielle) soutenue le 07 Juillet 2004.\u00a0Jury : Christine Maloigne-Fernandez (PU XLIM Poitiers), Philippe Bolon (PU LISTIC Annecy), Jean-Pierre Cocquerez (PU Heudiasyc UTC), Christophe Ambroise (MdC Heudiasyc UTC), Claude P\u00e9gard (PU MIS UPJV).<\/li>\n<\/ol>\n<\/div>\n<\/div>\n<div><\/div>\n<div>\n<ul>\n<li><span style=\"font-size: medium\"><b>Masters<\/b><\/span><\/li>\n<\/ul>\n<ol>\n<li>Waldemar Franczak :\u00a0Master Recherche Erasmus Mundus ViBot, \u00ab\u00a05D reconstruction by crowdsourcing\u00a0\u00bb, co-encadr\u00e9 avec In So Kweon (Professeur-RCVLab KAIST &#8211; Cor\u00e9e du Sud) et C\u00e9dric Demonceaux (PU, Le2i Universit\u00e9 de Bourgogne), F\u00e9vrier 2014-Juin 2014.<\/li>\n<li>Abir Mhenni :\u00a0Master Recherche Syst\u00e8mes Intelligents et Communicants de l&rsquo;ENISO (Ecole Nationale d&rsquo;Ing\u00e9nieurs de Sousse), Tunisie, \u00ab\u00a0Alignement d&rsquo;images par r\u00e9seaux de neurones\u00a0\u00bb, co-encadr\u00e9e par Khaled Ka\u00e2niche (Enseignant Chercheur, D\u00e9partement Electronique Industrielle, Ecole Nationale d&rsquo;Ing\u00e9nieurs de Sousse, Tunisie), F\u00e9vrier 2012-Juin 2012.<\/li>\n<li>In\u00e8s Hadj Mtir :\u00a0Master Recherche Syst\u00e8mes Intelligents et Communicants de l&rsquo;ENISO (Ecole Nationale d&rsquo;Ing\u00e9nieurs de Sousse), Tunisie, \u00ab\u00a0Analyse de sc\u00e8nes a\u00e9riennes par compensation de mouvement :\u00a0Application \u00e0 la d\u00e9tection des v\u00e9hicules dans un milieu routier\u00a0\u00bb, co-encadr\u00e9e par Khaled Ka\\^aniche (Enseignant Chercheur, D\u00e9partement Electronique Industrielle, Ecole Nationale d&rsquo;Ing\u00e9nieurs de Sousse, Tunisie), F\u00e9vrier 2010-Juin 2010.<\/li>\n<li>Sisi Liu :\u00a0Master Recherche UTC Syst\u00e8mes Intelligents pour les Transports, \u00ab\u00a0SLAM 3D pour la robotique a\u00e9rienne\u00a0\u00bb, co-encadr\u00e9e par Isabelle Fantoni (DR CNRS Heudiasyc) et Vincent Fr\u00e9mont (MCF-HDR, Heudiasyc UTC), F\u00e9vrier 2010-Juin 2010.<\/li>\n<li>Saleh Mossadegh :\u00a0Master Recherche Erasmus Mundus ViBot, \u00ab\u00a0Mise en correspondance de droites catadioptriques\u00a0\u00bb, co-encadr\u00e9 par David Fofi \u00a0(PU, Le2i Universit\u00e9 de Bourgogne), F\u00e9vrier 2008-Juin 2008.<\/li>\n<li>David Aout :\u00a0Master Recherche UPJV, \u00ab\u00a0Calcul d&rsquo;attitude d&rsquo;un UAV par vision omnidirectionnelle\u00a0\u00bb, co-encadr\u00e9 par C\u00e9dric Demonceaux, D\u00e9cembre 2004-Juin 2005.<\/li>\n<li>Arnaud Dupuis :\u00a0DEA UTC, \u00ab\u00a0Groupement de contours par fusion de crit\u00e8res Gestaltistes\u00a0\u00bb, Mars-Septembre 1999.<\/li>\n<\/ol>\n<\/div>\n<div><\/div>\n","protected":false},"excerpt":{"rendered":"<p>Th\u00e8ses en cours Hamza Tarhouni : Doctorant Universit\u00e9 de Rouen (Allocation \u00e9tablissement), \u00ab\u00a0Mod\u00e9lisation spatio-temporelle du trafic routier pour la caract\u00e9risation de comportements\u00a0\u00bb, co-encadr\u00e9 avec G\u00e9raldine Del Mondo (MdC LITIS INSA Rouen) et Yohan Dupuis (Chef de Projet CEREMA) depuis Octobre 2015. Ren\u00e9-Emmanuel Datondji : Doctorant Universit\u00e9 de Rouen (Co-financement R\u00e9gion Haute Normandie &#8211; CEREMA), \u00ab\u00a0Reconstruction &hellip; <a href=\"https:\/\/pagesperso.litislab.fr\/pvasseur\/encadrements\/\" class=\"more-link\">Continuer la lecture de <span class=\"screen-reader-text\">Encadrements<\/span><\/a><\/p>\n","protected":false},"author":16,"featured_media":0,"parent":0,"menu_order":0,"comment_status":"closed","ping_status":"closed","template":"","meta":{"_acf_changed":false,"_exactmetrics_skip_tracking":false,"_exactmetrics_sitenote_active":false,"_exactmetrics_sitenote_note":"","_exactmetrics_sitenote_category":0,"footnotes":""},"class_list":["post-47","page","type-page","status-publish","hentry"],"acf":[],"_links":{"self":[{"href":"https:\/\/pagesperso.litislab.fr\/pvasseur\/wp-json\/wp\/v2\/pages\/47","targetHints":{"allow":["GET"]}}],"collection":[{"href":"https:\/\/pagesperso.litislab.fr\/pvasseur\/wp-json\/wp\/v2\/pages"}],"about":[{"href":"https:\/\/pagesperso.litislab.fr\/pvasseur\/wp-json\/wp\/v2\/types\/page"}],"author":[{"embeddable":true,"href":"https:\/\/pagesperso.litislab.fr\/pvasseur\/wp-json\/wp\/v2\/users\/16"}],"replies":[{"embeddable":true,"href":"https:\/\/pagesperso.litislab.fr\/pvasseur\/wp-json\/wp\/v2\/comments?post=47"}],"version-history":[{"count":9,"href":"https:\/\/pagesperso.litislab.fr\/pvasseur\/wp-json\/wp\/v2\/pages\/47\/revisions"}],"predecessor-version":[{"id":60,"href":"https:\/\/pagesperso.litislab.fr\/pvasseur\/wp-json\/wp\/v2\/pages\/47\/revisions\/60"}],"wp:attachment":[{"href":"https:\/\/pagesperso.litislab.fr\/pvasseur\/wp-json\/wp\/v2\/media?parent=47"}],"curies":[{"name":"wp","href":"https:\/\/api.w.org\/{rel}","templated":true}]}}