{"id":57,"date":"2016-01-29T18:27:27","date_gmt":"2016-01-29T17:27:27","guid":{"rendered":"http:\/\/pagesperso.litislab.fr\/pvasseur\/?page_id=57"},"modified":"2020-11-27T17:59:40","modified_gmt":"2020-11-27T16:59:40","slug":"enseignements","status":"publish","type":"page","link":"https:\/\/pagesperso.litislab.fr\/pvasseur\/enseignements\/","title":{"rendered":"Enseignements"},"content":{"rendered":"<p>J&rsquo;ai effectu\u00e9 mes enseignements entre 2010 et 2019 au sein du d\u00e9partement MMI (M\u00e9tiers du Multim\u00e9dia et de l&rsquo;Internet) de l&rsquo;IUT de Rouen situ\u00e9 sur le site d&rsquo;Elbeuf-sur-Seine. Le site d&rsquo;Elbeuf regroupe deux d\u00e9partements MMI et RT ainsi que trois licences professionnelles. Je suis responsable de deux modules d&rsquo;enseignement :<\/p>\n<div><span style=\"font-family: 'Helvetica Neue', Helvetica, Arial, sans-serif\"><br \/>\n<\/span><\/p>\n<ul>\n<li>MMI 2202 : Algorithmique et d\u00e9veloppement web<\/li>\n<\/ul>\n<p>D\u00e9finition et manipulation de structures de donn\u00e9es usuelles,<\/p>\n<\/div>\n<div>Fonctions, proc\u00e9dures, param\u00e8tres,<\/div>\n<div>Algorithmes (tris, recherche) et utilisation de biblioth\u00e8ques de fonctions standards,<\/div>\n<div>Diffusion de l\u2019information (cr\u00e9ation de pages web dynamiques),<\/div>\n<div>\u00c9change de donn\u00e9es entre clients et serveurs web,<\/div>\n<div>Acc\u00e8s \u00e0 une base de donn\u00e9es via un serveur web.<\/div>\n<div>\n<p>&nbsp;<\/p>\n<ul>\n<li>MMI 3201 : Culture scientifique et traitement de l&rsquo;information<\/li>\n<\/ul>\n<div>Math\u00e9matiques pour le multim\u00e9dia :<\/div>\n<div>Calcul matriciel.<\/div>\n<div>Transformations g\u00e9om\u00e9triques du plan et de l\u2019espace.<\/div>\n<\/div>\n<div>Traitement num\u00e9rique du signal :<\/div>\n<div>Codecs audio-vid\u00e9o-parole, la compression vid\u00e9o.<\/div>\n<div>Images \u00ab bitmap \u00bb et vectorielles et leurs standards de fichiers.<\/div>\n<div>Notion de transparence et de palettes de couleurs.<\/div>\n<div>Images compress\u00e9es.<\/div>\n<div>Notion de traitement d\u2019image (contraste, accentuation, contours, etc.)<\/div>\n<div><\/div>\n<div><\/div>\n","protected":false},"excerpt":{"rendered":"<p>J&rsquo;ai effectu\u00e9 mes enseignements entre 2010 et 2019 au sein du d\u00e9partement MMI (M\u00e9tiers du Multim\u00e9dia et de l&rsquo;Internet) de l&rsquo;IUT de Rouen situ\u00e9 sur le site d&rsquo;Elbeuf-sur-Seine. Le site d&rsquo;Elbeuf regroupe deux d\u00e9partements MMI et RT ainsi que trois licences professionnelles. Je suis responsable de deux modules d&rsquo;enseignement : MMI 2202 : Algorithmique et &hellip; <a href=\"https:\/\/pagesperso.litislab.fr\/pvasseur\/enseignements\/\" class=\"more-link\">Continuer la lecture de <span class=\"screen-reader-text\">Enseignements<\/span><\/a><\/p>\n","protected":false},"author":16,"featured_media":0,"parent":0,"menu_order":0,"comment_status":"closed","ping_status":"closed","template":"","meta":{"_acf_changed":false,"_exactmetrics_skip_tracking":false,"_exactmetrics_sitenote_active":false,"_exactmetrics_sitenote_note":"","_exactmetrics_sitenote_category":0,"footnotes":""},"class_list":["post-57","page","type-page","status-publish","hentry"],"acf":[],"_links":{"self":[{"href":"https:\/\/pagesperso.litislab.fr\/pvasseur\/wp-json\/wp\/v2\/pages\/57","targetHints":{"allow":["GET"]}}],"collection":[{"href":"https:\/\/pagesperso.litislab.fr\/pvasseur\/wp-json\/wp\/v2\/pages"}],"about":[{"href":"https:\/\/pagesperso.litislab.fr\/pvasseur\/wp-json\/wp\/v2\/types\/page"}],"author":[{"embeddable":true,"href":"https:\/\/pagesperso.litislab.fr\/pvasseur\/wp-json\/wp\/v2\/users\/16"}],"replies":[{"embeddable":true,"href":"https:\/\/pagesperso.litislab.fr\/pvasseur\/wp-json\/wp\/v2\/comments?post=57"}],"version-history":[{"count":3,"href":"https:\/\/pagesperso.litislab.fr\/pvasseur\/wp-json\/wp\/v2\/pages\/57\/revisions"}],"predecessor-version":[{"id":70,"href":"https:\/\/pagesperso.litislab.fr\/pvasseur\/wp-json\/wp\/v2\/pages\/57\/revisions\/70"}],"wp:attachment":[{"href":"https:\/\/pagesperso.litislab.fr\/pvasseur\/wp-json\/wp\/v2\/media?parent=57"}],"curies":[{"name":"wp","href":"https:\/\/api.w.org\/{rel}","templated":true}]}}